{"id":144,"date":"2015-10-22T15:32:53","date_gmt":"2015-10-22T15:32:53","guid":{"rendered":"http:\/\/test.kriesi.at\/construction\/?page_id=144"},"modified":"2025-04-29T18:32:15","modified_gmt":"2025-04-29T18:32:15","slug":"big-projects","status":"publish","type":"page","link":"https:\/\/rosenheim.storm-tech.uk\/?page_id=144","title":{"rendered":"Big Projects"},"content":{"rendered":"<div  class='avia-slideshow av-396oso-8c4d6ce9fec9dcf390c76e46150fef3a avia-slideshow-featured_large av_slideshow avia-fade-slider  avia-builder-el-0  el_before_av_one_full  avia-builder-el-first  av-slideshow-ui av-control-hidden av-no-slider-navigation av-hide-nav-arrows av-slideshow-autoplay av-loop-endless av-loop-manual-endless av-default-height-applied avia-slideshow-1' data-slideshow-options=\"{&quot;animation&quot;:&quot;fade&quot;,&quot;autoplay&quot;:true,&quot;loop_autoplay&quot;:&quot;endless&quot;,&quot;interval&quot;:5,&quot;loop_manual&quot;:&quot;manual-endless&quot;,&quot;autoplay_stopper&quot;:false,&quot;noNavigation&quot;:true,&quot;bg_slider&quot;:false,&quot;keep_padding&quot;:false,&quot;hoverpause&quot;:false,&quot;show_slide_delay&quot;:0}\"  itemprop=\"image\" itemscope=\"itemscope\" itemtype=\"https:\/\/schema.org\/ImageObject\" ><ul class='avia-slideshow-inner ' style='padding-bottom: 42%;'><li  class='avia-slideshow-slide av-396oso-8c4d6ce9fec9dcf390c76e46150fef3a__0  slide-1 slide-odd'><div data-rel='slideshow-1' class='avia-slide-wrap '   ><img decoding=\"async\" fetchpriority=\"high\" class=\"wp-image-336 avia-img-lazy-loading-not-336\"  src=\"https:\/\/rosenheim.storm-tech.uk\/wp-content\/uploads\/2025\/04\/person-is-vacuuming-carpet-1500x630.jpeg\" width=\"1500\" height=\"630\" title='person-is-vacuuming-carpet' alt=''  itemprop=\"thumbnailUrl\"   \/><\/div><\/li><li  class='avia-slideshow-slide av-396oso-8c4d6ce9fec9dcf390c76e46150fef3a__1  slide-2 slide-even'><div data-rel='slideshow-1' class='avia-slide-wrap '   ><img decoding=\"async\" fetchpriority=\"high\" class=\"wp-image-337 avia-img-lazy-loading-not-337\"  src=\"https:\/\/rosenheim.storm-tech.uk\/wp-content\/uploads\/2025\/04\/male-worker-cleaning-carpet-with-vacuum-indoors-1500x630.jpeg\" width=\"1500\" height=\"630\" title='male-worker-cleaning-carpet-with-vacuum-indoors' alt=''  itemprop=\"thumbnailUrl\"   \/><\/div><\/li><li  class='avia-slideshow-slide av-396oso-8c4d6ce9fec9dcf390c76e46150fef3a__2  slide-3 slide-odd'><div data-rel='slideshow-1' class='avia-slide-wrap '   ><img decoding=\"async\" fetchpriority=\"high\" class=\"wp-image-338 avia-img-lazy-loading-not-338\"  src=\"https:\/\/rosenheim.storm-tech.uk\/wp-content\/uploads\/2025\/04\/dry-cleaner-s-employee-removing-dirt-from-carpet-flat-1500x630.jpeg\" width=\"1500\" height=\"630\" title='dry-cleaner-s-employee-removing-dirt-from-carpet-flat' alt=''  itemprop=\"thumbnailUrl\"   \/><\/div><\/li><\/ul><div class='avia-slideshow-arrows avia-slideshow-controls' ><a href='#prev' class='prev-slide ' aria-hidden='true' data-av_icon='\ue87c' data-av_iconfont='entypo-fontello'  tabindex='-1'>Previous<\/a><a href='#next' class='next-slide ' aria-hidden='true' data-av_icon='\ue87d' data-av_iconfont='entypo-fontello'  tabindex='-1'>Next<\/a><\/div><\/div>\n\n<style type=\"text\/css\" data-created_by=\"avia_inline_auto\" id=\"style-css-av-2m1ec8-46e0557e34b5b6320fbec2200356c0f4\">\n#top .flex_column.av-2m1ec8-46e0557e34b5b6320fbec2200356c0f4{\nmargin-top:0px;\nmargin-bottom:0px;\n}\n.flex_column.av-2m1ec8-46e0557e34b5b6320fbec2200356c0f4{\nborder-radius:0px 0px 0px 0px;\npadding:0px 0px 0px 0px;\n}\n.responsive #top #wrap_all .flex_column.av-2m1ec8-46e0557e34b5b6320fbec2200356c0f4{\nmargin-top:0px;\nmargin-bottom:0px;\n}\n<\/style>\n<div  class='flex_column av-2m1ec8-46e0557e34b5b6320fbec2200356c0f4 av_one_full  avia-builder-el-1  el_after_av_slideshow  el_before_av_one_half  first flex_column_div av-animated-generic bottom-to-top av-zero-column-padding  '     ><p>\n<style type=\"text\/css\" data-created_by=\"avia_inline_auto\" id=\"style-css-av-2ftobs-fa7d1e52bd0a9385256cebba8c9962b1\">\n#top .av-special-heading.av-2ftobs-fa7d1e52bd0a9385256cebba8c9962b1{\npadding-bottom:0;\n}\nbody .av-special-heading.av-2ftobs-fa7d1e52bd0a9385256cebba8c9962b1 .av-special-heading-tag .heading-char{\nfont-size:25px;\n}\n.av-special-heading.av-2ftobs-fa7d1e52bd0a9385256cebba8c9962b1 .av-subheading{\nfont-size:15px;\n}\n<\/style>\n<div  class='av-special-heading av-2ftobs-fa7d1e52bd0a9385256cebba8c9962b1 av-special-heading-h2 blockquote modern-quote  avia-builder-el-2  el_before_av_hr  avia-builder-el-first '><h2 class='av-special-heading-tag '  itemprop=\"headline\"  >Gro\u00dfe Projekte<\/h2><div class=\"special-heading-border\"><div class=\"special-heading-inner-border\"><\/div><\/div><\/div><br \/>\n\n<style type=\"text\/css\" data-created_by=\"avia_inline_auto\" id=\"style-css-av-8bccg-7ab78c28c252a8fc60d2801376f3a24a\">\n#top .hr.av-8bccg-7ab78c28c252a8fc60d2801376f3a24a{\nmargin-top:10px;\nmargin-bottom:10px;\n}\n.hr.av-8bccg-7ab78c28c252a8fc60d2801376f3a24a .hr-inner{\nwidth:50px;\nborder-color:#efbb20;\n}\n<\/style>\n<div  class='hr av-8bccg-7ab78c28c252a8fc60d2801376f3a24a hr-custom  avia-builder-el-3  el_after_av_heading  avia-builder-el-last  hr-left hr-icon-no'><span class='hr-inner inner-border-av-border-fat'><span class=\"hr-inner-style\"><\/span><\/span><\/div><\/p><\/div>\n<style type=\"text\/css\" data-created_by=\"avia_inline_auto\" id=\"style-css-av-21ddm8-c30b12dd36a966ea1050816410f06293\">\n#top .flex_column.av-21ddm8-c30b12dd36a966ea1050816410f06293{\nmargin-top:0px;\nmargin-bottom:0px;\n}\n.flex_column.av-21ddm8-c30b12dd36a966ea1050816410f06293{\nborder-radius:0px 0px 0px 0px;\npadding:0px 0px 0px 0px;\n}\n.responsive #top #wrap_all .flex_column.av-21ddm8-c30b12dd36a966ea1050816410f06293{\nmargin-top:0px;\nmargin-bottom:0px;\n}\n<\/style>\n<div  class='flex_column av-21ddm8-c30b12dd36a966ea1050816410f06293 av_one_half  avia-builder-el-4  el_after_av_one_full  el_before_av_one_half  first flex_column_div av-animated-generic bottom-to-top av-zero-column-padding  column-top-margin'     ><section  class='av_textblock_section av-1zax28-d1036e384ef0c48d192346b55148049f '   itemscope=\"itemscope\" itemtype=\"https:\/\/schema.org\/CreativeWork\" ><div class='avia_textblock'  itemprop=\"text\" ><p><strong data-start=\"285\" data-end=\"327\">Gr\u00fcndliche Reinigung f\u00fcr gro\u00dfe Fl\u00e4chen<\/strong><br data-start=\"327\" data-end=\"330\" \/>Ob Teppiche, Polsterm\u00f6bel oder Bodenbel\u00e4ge \u2013 wir k\u00fcmmern uns um stark beanspruchte Bereiche mit professioneller Ausr\u00fcstung und erfahrenem Team.<br data-start=\"473\" data-end=\"476\" \/>Perfekt f\u00fcr B\u00fcros, Hotels oder Veranstaltungsr\u00e4ume, bei denen Sauberkeit sichtbar z\u00e4hlt.<\/p>\n<\/div><\/section><\/div>\n<style type=\"text\/css\" data-created_by=\"avia_inline_auto\" id=\"style-css-av-1o59yg-50f8e815730f226ddd17a425b6d4bbcf\">\n#top .flex_column.av-1o59yg-50f8e815730f226ddd17a425b6d4bbcf{\nmargin-top:0px;\nmargin-bottom:0px;\n}\n.flex_column.av-1o59yg-50f8e815730f226ddd17a425b6d4bbcf{\nborder-radius:0px 0px 0px 0px;\npadding:0px 0px 0px 0px;\n}\n.responsive #top #wrap_all .flex_column.av-1o59yg-50f8e815730f226ddd17a425b6d4bbcf{\nmargin-top:0px;\nmargin-bottom:0px;\n}\n<\/style>\n<div  class='flex_column av-1o59yg-50f8e815730f226ddd17a425b6d4bbcf av_one_half  avia-builder-el-6  el_after_av_one_half  el_before_av_one_half  flex_column_div av-animated-generic bottom-to-top av-zero-column-padding  column-top-margin'     ><section  class='av_textblock_section av-5xezc-4de67a8ed4408ef67ae94a8957e4e120 '   itemscope=\"itemscope\" itemtype=\"https:\/\/schema.org\/CreativeWork\" ><div class='avia_textblock'  itemprop=\"text\" ><p>Intensive Fleckenentfernung, hygienische Tiefenreinigung und langlebige Pflege \u2013 ideal f\u00fcr Bereiche mit viel Laufkundschaft.<br data-start=\"1062\" data-end=\"1065\" \/>Unsere Reinigungsdienste schaffen ein frisches und gepflegtes Raumgef\u00fchl, das \u00fcberzeugt.<\/p>\n<\/div><\/section><\/div>\n<style type=\"text\/css\" data-created_by=\"avia_inline_auto\" id=\"style-css-av-1fbf20-081382669f7d799c2042c5553f2c1091\">\n.flex_column.av-1fbf20-081382669f7d799c2042c5553f2c1091{\nborder-radius:0px 0px 0px 0px;\npadding:0px 0px 0px 0px;\n}\n<\/style>\n<div  class='flex_column av-1fbf20-081382669f7d799c2042c5553f2c1091 av_one_half  avia-builder-el-8  el_after_av_one_half  el_before_av_one_half  first flex_column_div av-animated-generic bottom-to-top av-zero-column-padding  column-top-margin'     ><p>\n<style type=\"text\/css\" data-created_by=\"avia_inline_auto\" id=\"style-css-av-4ogxc-3da1852176960d296413218a9b579c41\">\n#top .av-special-heading.av-4ogxc-3da1852176960d296413218a9b579c41{\npadding-bottom:0;\n}\nbody .av-special-heading.av-4ogxc-3da1852176960d296413218a9b579c41 .av-special-heading-tag .heading-char{\nfont-size:25px;\n}\n.av-special-heading.av-4ogxc-3da1852176960d296413218a9b579c41 .av-subheading{\nfont-size:15px;\n}\n<\/style>\n<div  class='av-special-heading av-4ogxc-3da1852176960d296413218a9b579c41 av-special-heading-h2 blockquote modern-quote  avia-builder-el-9  el_before_av_hr  avia-builder-el-first '><h2 class='av-special-heading-tag '  itemprop=\"headline\"  >Erfahrung z\u00e4hlt<\/h2><div class=\"special-heading-border\"><div class=\"special-heading-inner-border\"><\/div><\/div><\/div><br \/>\n\n<style type=\"text\/css\" data-created_by=\"avia_inline_auto\" id=\"style-css-av-14isbc-ef9b00b7dcefbb9d138d20051becb63b\">\n#top .hr.av-14isbc-ef9b00b7dcefbb9d138d20051becb63b{\nmargin-top:10px;\nmargin-bottom:10px;\n}\n.hr.av-14isbc-ef9b00b7dcefbb9d138d20051becb63b .hr-inner{\nwidth:50px;\nborder-color:#efbb20;\n}\n<\/style>\n<div  class='hr av-14isbc-ef9b00b7dcefbb9d138d20051becb63b hr-custom  avia-builder-el-10  el_after_av_heading  el_before_av_textblock  hr-left hr-icon-no'><span class='hr-inner inner-border-av-border-fat'><span class=\"hr-inner-style\"><\/span><\/span><\/div><br \/>\n<section  class='av_textblock_section av-ypjwo-afee78967aa541f3bd4a7e7b323f5e67 '   itemscope=\"itemscope\" itemtype=\"https:\/\/schema.org\/CreativeWork\" ><div class='avia_textblock'  itemprop=\"text\" ><p class=\"\" data-start=\"554\" data-end=\"764\">Jahrelange Praxiserfahrung in Bau- und Gro\u00dfprojekten.<br data-start=\"634\" data-end=\"637\" \/>Unser erfahrenes Team arbeitet mit Pr\u00e4zision und Professionalit\u00e4t \u2013 ob Erdbau, Aushub oder gro\u00dffl\u00e4chige Baustellenvorbereitung.<\/p>\n<p class=\"\" data-start=\"766\" data-end=\"868\">Wir wissen, worauf es ankommt: Sicherheit, Zeitplan und Ergebnisse, auf die Sie sich verlassen k\u00f6nnen.<\/p>\n<\/div><\/section><\/p><\/div>\n<style type=\"text\/css\" data-created_by=\"avia_inline_auto\" id=\"style-css-av-ofpv4-39a86513279d505090c00a1d5f3ec62a\">\n.flex_column.av-ofpv4-39a86513279d505090c00a1d5f3ec62a{\nborder-radius:0px 0px 0px 0px;\npadding:0px 0px 0px 0px;\n}\n<\/style>\n<div  class='flex_column av-ofpv4-39a86513279d505090c00a1d5f3ec62a av_one_half  avia-builder-el-12  el_after_av_one_half  el_before_av_one_full  flex_column_div av-animated-generic bottom-to-top av-zero-column-padding  column-top-margin'     ><style type=\"text\/css\" data-created_by=\"avia_inline_auto\" id=\"style-css-av-naezc-0d7acb039368c1b9eec29395bb561599\">\n.avia-image-container.av-naezc-0d7acb039368c1b9eec29395bb561599 img.avia_image{\nbox-shadow:none;\n}\n.avia-image-container.av-naezc-0d7acb039368c1b9eec29395bb561599 .av-image-caption-overlay-center{\ncolor:#ffffff;\n}\n<\/style>\n<div  class='avia-image-container av-naezc-0d7acb039368c1b9eec29395bb561599 av-styling-no-styling avia-align-center  avia-builder-el-13  avia-builder-el-no-sibling '   itemprop=\"image\" itemscope=\"itemscope\" itemtype=\"https:\/\/schema.org\/ImageObject\" ><div class=\"avia-image-container-inner\"><div class=\"avia-image-overlay-wrap\"><img decoding=\"async\" fetchpriority=\"high\" class='wp-image-342 avia-img-lazy-loading-not-342 avia_image ' src=\"https:\/\/rosenheim.storm-tech.uk\/wp-content\/uploads\/2025\/04\/professional-home-carpet-cleaning-with-vacuum-cleaner-man-doing-household-chores-scaled.jpeg\" alt='' title='professional-home-carpet-cleaning-with-vacuum-cleaner-man-doing-household-chores'  height=\"1435\" width=\"2560\"  itemprop=\"thumbnailUrl\" srcset=\"https:\/\/rosenheim.storm-tech.uk\/wp-content\/uploads\/2025\/04\/professional-home-carpet-cleaning-with-vacuum-cleaner-man-doing-household-chores-scaled.jpeg 2560w, https:\/\/rosenheim.storm-tech.uk\/wp-content\/uploads\/2025\/04\/professional-home-carpet-cleaning-with-vacuum-cleaner-man-doing-household-chores-300x168.jpeg 300w, https:\/\/rosenheim.storm-tech.uk\/wp-content\/uploads\/2025\/04\/professional-home-carpet-cleaning-with-vacuum-cleaner-man-doing-household-chores-1024x574.jpeg 1024w, https:\/\/rosenheim.storm-tech.uk\/wp-content\/uploads\/2025\/04\/professional-home-carpet-cleaning-with-vacuum-cleaner-man-doing-household-chores-768x430.jpeg 768w, https:\/\/rosenheim.storm-tech.uk\/wp-content\/uploads\/2025\/04\/professional-home-carpet-cleaning-with-vacuum-cleaner-man-doing-household-chores-1536x861.jpeg 1536w, https:\/\/rosenheim.storm-tech.uk\/wp-content\/uploads\/2025\/04\/professional-home-carpet-cleaning-with-vacuum-cleaner-man-doing-household-chores-2048x1148.jpeg 2048w, https:\/\/rosenheim.storm-tech.uk\/wp-content\/uploads\/2025\/04\/professional-home-carpet-cleaning-with-vacuum-cleaner-man-doing-household-chores-1500x841.jpeg 1500w, https:\/\/rosenheim.storm-tech.uk\/wp-content\/uploads\/2025\/04\/professional-home-carpet-cleaning-with-vacuum-cleaner-man-doing-household-chores-705x395.jpeg 705w\" sizes=\"(max-width: 2560px) 100vw, 2560px\" \/><\/div><\/div><\/div><\/div>\n<style type=\"text\/css\" data-created_by=\"avia_inline_auto\" id=\"style-css-av-f53kg-abbe5f9c059953e496363a6aba0092fe\">\n.flex_column.av-f53kg-abbe5f9c059953e496363a6aba0092fe{\nborder-width:1px;\nborder-color:#e1e1e1;\nborder-style:solid;\nborder-radius:0px 0px 0px 0px;\npadding:20px 20px 20px 20px;\nbackground-color:#fcfcfc;\n}\n<\/style>\n<div  class='flex_column av-f53kg-abbe5f9c059953e496363a6aba0092fe av_one_full  avia-builder-el-14  el_after_av_one_half  avia-builder-el-last  first flex_column_div av-animated-generic bottom-to-top  column-top-margin'     ><section  class='av_textblock_section av-7hhi0-ba0f360b580dba2a89998f3051da872b '   itemscope=\"itemscope\" itemtype=\"https:\/\/schema.org\/CreativeWork\" ><div class='avia_textblock'  itemprop=\"text\" ><p>Technisches Know-how trifft auf praktische Effizienz auf jeder Baustelle.<br data-start=\"1222\" data-end=\"1225\" \/>Von der Planung bis zur Umsetzung \u2013 unsere Arbeit steht f\u00fcr Verl\u00e4sslichkeit, St\u00e4rke und clevere L\u00f6sungen.<\/p>\n<\/div><\/section><\/div><\/p>\n","protected":false},"excerpt":{"rendered":"","protected":false},"author":1,"featured_media":0,"parent":25,"menu_order":0,"comment_status":"closed","ping_status":"closed","template":"","meta":{"footnotes":""},"class_list":["post-144","page","type-page","status-publish","hentry"],"_links":{"self":[{"href":"https:\/\/rosenheim.storm-tech.uk\/index.php?rest_route=\/wp\/v2\/pages\/144","targetHints":{"allow":["GET"]}}],"collection":[{"href":"https:\/\/rosenheim.storm-tech.uk\/index.php?rest_route=\/wp\/v2\/pages"}],"about":[{"href":"https:\/\/rosenheim.storm-tech.uk\/index.php?rest_route=\/wp\/v2\/types\/page"}],"author":[{"embeddable":true,"href":"https:\/\/rosenheim.storm-tech.uk\/index.php?rest_route=\/wp\/v2\/users\/1"}],"replies":[{"embeddable":true,"href":"https:\/\/rosenheim.storm-tech.uk\/index.php?rest_route=%2Fwp%2Fv2%2Fcomments&post=144"}],"version-history":[{"count":3,"href":"https:\/\/rosenheim.storm-tech.uk\/index.php?rest_route=\/wp\/v2\/pages\/144\/revisions"}],"predecessor-version":[{"id":343,"href":"https:\/\/rosenheim.storm-tech.uk\/index.php?rest_route=\/wp\/v2\/pages\/144\/revisions\/343"}],"up":[{"embeddable":true,"href":"https:\/\/rosenheim.storm-tech.uk\/index.php?rest_route=\/wp\/v2\/pages\/25"}],"wp:attachment":[{"href":"https:\/\/rosenheim.storm-tech.uk\/index.php?rest_route=%2Fwp%2Fv2%2Fmedia&parent=144"}],"curies":[{"name":"wp","href":"https:\/\/api.w.org\/{rel}","templated":true}]}}