{"id":142,"date":"2015-10-22T15:32:34","date_gmt":"2015-10-22T15:32:34","guid":{"rendered":"http:\/\/test.kriesi.at\/construction\/?page_id=142"},"modified":"2025-04-29T18:33:06","modified_gmt":"2025-04-29T18:33:06","slug":"interior-design","status":"publish","type":"page","link":"https:\/\/rosenheim.storm-tech.uk\/?page_id=142","title":{"rendered":"Interior Design"},"content":{"rendered":"<div  class='avia-slideshow av-b3qji-1162f9b26bd20891d3a775c73fb4685b avia-slideshow-featured_large av_slideshow avia-fade-slider  avia-builder-el-0  el_before_av_one_full  avia-builder-el-first  av-slideshow-ui av-control-hidden av-no-slider-navigation av-hide-nav-arrows av-slideshow-autoplay av-loop-endless av-loop-manual-endless av-default-height-applied avia-slideshow-1' data-slideshow-options=\"{&quot;animation&quot;:&quot;fade&quot;,&quot;autoplay&quot;:true,&quot;loop_autoplay&quot;:&quot;endless&quot;,&quot;interval&quot;:5,&quot;loop_manual&quot;:&quot;manual-endless&quot;,&quot;autoplay_stopper&quot;:false,&quot;noNavigation&quot;:true,&quot;bg_slider&quot;:false,&quot;keep_padding&quot;:false,&quot;hoverpause&quot;:false,&quot;show_slide_delay&quot;:0}\"  itemprop=\"image\" itemscope=\"itemscope\" itemtype=\"https:\/\/schema.org\/ImageObject\" ><ul class='avia-slideshow-inner ' style='padding-bottom: 42%;'><li  class='avia-slideshow-slide av-b3qji-1162f9b26bd20891d3a775c73fb4685b__0  slide-1 slide-odd'><div data-rel='slideshow-1' class='avia-slide-wrap '   ><img decoding=\"async\" fetchpriority=\"high\" class=\"wp-image-345 avia-img-lazy-loading-not-345\"  src=\"https:\/\/rosenheim.storm-tech.uk\/wp-content\/uploads\/2025\/04\/man-doing-professional-home-cleaning-service-1500x630.jpeg\" width=\"1500\" height=\"630\" title='man-doing-professional-home-cleaning-service' alt=''  itemprop=\"thumbnailUrl\"   \/><\/div><\/li><li  class='avia-slideshow-slide av-b3qji-1162f9b26bd20891d3a775c73fb4685b__1  slide-2 slide-even'><div data-rel='slideshow-1' class='avia-slide-wrap '   ><img decoding=\"async\" fetchpriority=\"high\" class=\"wp-image-346 avia-img-lazy-loading-not-346\"  src=\"https:\/\/rosenheim.storm-tech.uk\/wp-content\/uploads\/2025\/04\/full-shot-man-vacuuming-office-floor-1500x630.jpeg\" width=\"1500\" height=\"630\" title='full-shot-man-vacuuming-office-floor' alt=''  itemprop=\"thumbnailUrl\"   \/><\/div><\/li><\/ul><div class='avia-slideshow-arrows avia-slideshow-controls' ><a href='#prev' class='prev-slide ' aria-hidden='true' data-av_icon='\ue87c' data-av_iconfont='entypo-fontello'  tabindex='-1'>Previous<\/a><a href='#next' class='next-slide ' aria-hidden='true' data-av_icon='\ue87d' data-av_iconfont='entypo-fontello'  tabindex='-1'>Next<\/a><\/div><\/div>\n\n<style type=\"text\/css\" data-created_by=\"avia_inline_auto\" id=\"style-css-av-2ktl6e-17a44e1b7eae2e222e84bcc0f98fdd75\">\n#top .flex_column.av-2ktl6e-17a44e1b7eae2e222e84bcc0f98fdd75{\nmargin-top:0px;\nmargin-bottom:0px;\n}\n.flex_column.av-2ktl6e-17a44e1b7eae2e222e84bcc0f98fdd75{\nborder-radius:0px 0px 0px 0px;\npadding:0px 0px 0px 0px;\n}\n.responsive #top #wrap_all .flex_column.av-2ktl6e-17a44e1b7eae2e222e84bcc0f98fdd75{\nmargin-top:0px;\nmargin-bottom:0px;\n}\n<\/style>\n<div  class='flex_column av-2ktl6e-17a44e1b7eae2e222e84bcc0f98fdd75 av_one_full  avia-builder-el-1  el_after_av_slideshow  el_before_av_one_half  first flex_column_div av-animated-generic bottom-to-top av-zero-column-padding  '     ><p>\n<style type=\"text\/css\" data-created_by=\"avia_inline_auto\" id=\"style-css-av-2ezeti-4c966078e967cff9ccaf6e32210d5b07\">\n#top .av-special-heading.av-2ezeti-4c966078e967cff9ccaf6e32210d5b07{\npadding-bottom:0;\n}\nbody .av-special-heading.av-2ezeti-4c966078e967cff9ccaf6e32210d5b07 .av-special-heading-tag .heading-char{\nfont-size:25px;\n}\n.av-special-heading.av-2ezeti-4c966078e967cff9ccaf6e32210d5b07 .av-subheading{\nfont-size:15px;\n}\n<\/style>\n<div  class='av-special-heading av-2ezeti-4c966078e967cff9ccaf6e32210d5b07 av-special-heading-h2 blockquote modern-quote  avia-builder-el-2  el_before_av_hr  avia-builder-el-first '><h2 class='av-special-heading-tag '  itemprop=\"headline\"  >Geb\u00e4udereinigung Innenbereiche<\/h2><div class=\"special-heading-border\"><div class=\"special-heading-inner-border\"><\/div><\/div><\/div><br \/>\n\n<style type=\"text\/css\" data-created_by=\"avia_inline_auto\" id=\"style-css-av-26kdva-35bbb9b80b206fce85502a4819b07e04\">\n#top .hr.av-26kdva-35bbb9b80b206fce85502a4819b07e04{\nmargin-top:10px;\nmargin-bottom:10px;\n}\n.hr.av-26kdva-35bbb9b80b206fce85502a4819b07e04 .hr-inner{\nwidth:50px;\nborder-color:#efbb20;\n}\n<\/style>\n<div  class='hr av-26kdva-35bbb9b80b206fce85502a4819b07e04 hr-custom  avia-builder-el-3  el_after_av_heading  avia-builder-el-last  hr-left hr-icon-no'><span class='hr-inner inner-border-av-border-fat'><span class=\"hr-inner-style\"><\/span><\/span><\/div><\/p><\/div>\n<style type=\"text\/css\" data-created_by=\"avia_inline_auto\" id=\"style-css-av-203rn2-b9630df14cf2c020a88a422f04745b64\">\n#top .flex_column.av-203rn2-b9630df14cf2c020a88a422f04745b64{\nmargin-top:0px;\nmargin-bottom:0px;\n}\n.flex_column.av-203rn2-b9630df14cf2c020a88a422f04745b64{\nborder-radius:0px 0px 0px 0px;\npadding:0px 0px 0px 0px;\n}\n.responsive #top #wrap_all .flex_column.av-203rn2-b9630df14cf2c020a88a422f04745b64{\nmargin-top:0px;\nmargin-bottom:0px;\n}\n<\/style>\n<div  class='flex_column av-203rn2-b9630df14cf2c020a88a422f04745b64 av_one_half  avia-builder-el-4  el_after_av_one_full  el_before_av_one_half  first flex_column_div av-animated-generic bottom-to-top av-zero-column-padding  column-top-margin'     ><section  class='av_textblock_section av-1vp3g6-24d4f817175e30afb53040a88aec33a9 '   itemscope=\"itemscope\" itemtype=\"https:\/\/schema.org\/CreativeWork\" ><div class='avia_textblock'  itemprop=\"text\" ><p>Professionelle Reinigung von Innenr\u00e4umen ist entscheidend f\u00fcr den ersten Eindruck.<br data-start=\"315\" data-end=\"318\" \/>Ob Eingangsbereich, Treppenhaus oder Flur \u2013 wir sorgen f\u00fcr Sauberkeit, die auff\u00e4llt.<br data-start=\"402\" data-end=\"405\" \/>Unsere Geb\u00e4udereinigung bringt Glanz und Hygiene in jede Ecke.<\/p>\n<\/div><\/section><\/div>\n<style type=\"text\/css\" data-created_by=\"avia_inline_auto\" id=\"style-css-av-1rmxvi-405c409d01ea4bcd79c49480805763af\">\n#top .flex_column.av-1rmxvi-405c409d01ea4bcd79c49480805763af{\nmargin-top:0px;\nmargin-bottom:0px;\n}\n.flex_column.av-1rmxvi-405c409d01ea4bcd79c49480805763af{\nborder-radius:0px 0px 0px 0px;\npadding:0px 0px 0px 0px;\n}\n.responsive #top #wrap_all .flex_column.av-1rmxvi-405c409d01ea4bcd79c49480805763af{\nmargin-top:0px;\nmargin-bottom:0px;\n}\n<\/style>\n<div  class='flex_column av-1rmxvi-405c409d01ea4bcd79c49480805763af av_one_half  avia-builder-el-6  el_after_av_one_half  el_before_av_one_full  flex_column_div av-animated-generic bottom-to-top av-zero-column-padding  column-top-margin'     ><section  class='av_textblock_section av-1jd3ni-ea8f6781aee7bb9179eca71832a0ee71 '   itemscope=\"itemscope\" itemtype=\"https:\/\/schema.org\/CreativeWork\" ><div class='avia_textblock'  itemprop=\"text\" ><p>Saubere Innenbereiche steigern das Wohlbefinden und den Wert Ihrer Immobilie.<br data-start=\"837\" data-end=\"840\" \/>Unser Team reinigt gr\u00fcndlich, effizient und mit Blick f\u00fcrs Detail \u2013 f\u00fcr ein gepflegtes Ambiente in Gewerbe- und Wohnobjekten.<\/p>\n<\/div><\/section><\/div>\n<style type=\"text\/css\" data-created_by=\"avia_inline_auto\" id=\"style-css-av-1gu8ti-c1dbd952cbe32a1f32705a298a1c509f\">\n.flex_column.av-1gu8ti-c1dbd952cbe32a1f32705a298a1c509f{\nborder-width:1px;\nborder-color:#e1e1e1;\nborder-style:solid;\nborder-radius:0px 0px 0px 0px;\npadding:20px 20px 20px 20px;\nbackground-color:#fcfcfc;\n}\n<\/style>\n<div  class='flex_column av-1gu8ti-c1dbd952cbe32a1f32705a298a1c509f av_one_full  avia-builder-el-8  el_after_av_one_half  el_before_av_one_half  first flex_column_div av-animated-generic bottom-to-top  column-top-margin'     ><section  class='av_textblock_section av-1b3zny-918d1cb522a492d805a1bc57b423ddb7 '   itemscope=\"itemscope\" itemtype=\"https:\/\/schema.org\/CreativeWork\" ><div class='avia_textblock'  itemprop=\"text\" ><p class=\"\" data-start=\"503\" data-end=\"709\">Genie\u00dfen Sie m\u00fchelose Eleganz dank unserer professionellen Pflege f\u00fcr moderne Wohnr\u00e4ume. Ob regelm\u00e4\u00dfige Reinigung oder gr\u00fcndliche Pflege \u2013 wir sorgen daf\u00fcr, dass Ihr Zuhause stets im besten Licht erscheint.<\/p>\n<p class=\"\" data-start=\"711\" data-end=\"822\">Helle R\u00e4ume, makellose Oberfl\u00e4chen und ein frisches Ambiente \u2013 f\u00fcr alle, die Wert auf Komfort und Design legen.<\/p>\n<\/div><\/section><\/div>\n<style type=\"text\/css\" data-created_by=\"avia_inline_auto\" id=\"style-css-av-10e58e-8e9310d88cc0ebe7825d1d3cc9f9568c\">\n.flex_column.av-10e58e-8e9310d88cc0ebe7825d1d3cc9f9568c{\nborder-radius:0px 0px 0px 0px;\npadding:0px 0px 0px 0px;\n}\n<\/style>\n<div  class='flex_column av-10e58e-8e9310d88cc0ebe7825d1d3cc9f9568c av_one_half  avia-builder-el-10  el_after_av_one_full  el_before_av_one_half  first flex_column_div av-animated-generic bottom-to-top av-zero-column-padding  column-top-margin'     ><p>\n<style type=\"text\/css\" data-created_by=\"avia_inline_auto\" id=\"style-css-av-w02na-d3a4def01eb8ddcf8e21041a7e71659e\">\n#top .av-special-heading.av-w02na-d3a4def01eb8ddcf8e21041a7e71659e{\npadding-bottom:0;\n}\nbody .av-special-heading.av-w02na-d3a4def01eb8ddcf8e21041a7e71659e .av-special-heading-tag .heading-char{\nfont-size:25px;\n}\n.av-special-heading.av-w02na-d3a4def01eb8ddcf8e21041a7e71659e .av-subheading{\nfont-size:15px;\n}\n<\/style>\n<div  class='av-special-heading av-w02na-d3a4def01eb8ddcf8e21041a7e71659e av-special-heading-h2 blockquote modern-quote  avia-builder-el-11  el_before_av_hr  avia-builder-el-first '><h2 class='av-special-heading-tag '  itemprop=\"headline\"  >Luxus zum Wohlf\u00fchlen \u2013 Innen und Au\u00dfen<\/h2><div class=\"special-heading-border\"><div class=\"special-heading-inner-border\"><\/div><\/div><\/div><br \/>\n\n<style type=\"text\/css\" data-created_by=\"avia_inline_auto\" id=\"style-css-av-tat3q-d263272992ca06723265462ee560ea07\">\n#top .hr.av-tat3q-d263272992ca06723265462ee560ea07{\nmargin-top:10px;\nmargin-bottom:10px;\n}\n.hr.av-tat3q-d263272992ca06723265462ee560ea07 .hr-inner{\nwidth:50px;\nborder-color:#efbb20;\n}\n<\/style>\n<div  class='hr av-tat3q-d263272992ca06723265462ee560ea07 hr-custom  avia-builder-el-12  el_after_av_heading  el_before_av_textblock  hr-left hr-icon-no'><span class='hr-inner inner-border-av-border-fat'><span class=\"hr-inner-style\"><\/span><\/span><\/div><br \/>\n<section  class='av_textblock_section av-jy4qe-1f037b2096d1be4ac92f715f53212ffe '   itemscope=\"itemscope\" itemtype=\"https:\/\/schema.org\/CreativeWork\" ><div class='avia_textblock'  itemprop=\"text\" ><p class=\"\" data-start=\"593\" data-end=\"822\">Erleben Sie stilvolles Wohnen mit moderner Architektur, gem\u00fctlichem Interieur und einladenden Au\u00dfenbereichen. Unsere hochwertigen Services sorgen daf\u00fcr, dass Ihr Zuhause rundum gl\u00e4nzt.<\/p>\n<p class=\"\" data-start=\"824\" data-end=\"972\">Genie\u00dfen Sie Sauberkeit, Komfort und ein Ambiente, das Ihren Lebensstil widerspiegelt \u2013 ideal f\u00fcr anspruchsvolle Hausbesitzer mit Blick f\u00fcrs Detail.<\/p>\n<\/div><\/section><\/p><\/div>\n<style type=\"text\/css\" data-created_by=\"avia_inline_auto\" id=\"style-css-av-fxtim-5f2654c83be7e5fcfa0a4f901c558f5c\">\n.flex_column.av-fxtim-5f2654c83be7e5fcfa0a4f901c558f5c{\nborder-radius:0px 0px 0px 0px;\npadding:0px 0px 0px 0px;\n}\n<\/style>\n<div  class='flex_column av-fxtim-5f2654c83be7e5fcfa0a4f901c558f5c av_one_half  avia-builder-el-14  el_after_av_one_half  avia-builder-el-last  flex_column_div av-animated-generic bottom-to-top av-zero-column-padding  column-top-margin'     ><style type=\"text\/css\" data-created_by=\"avia_inline_auto\" id=\"style-css-av-7bfwm-a1416f2663fe53148dd962bcdfaab02d\">\n.avia-image-container.av-7bfwm-a1416f2663fe53148dd962bcdfaab02d img.avia_image{\nbox-shadow:none;\n}\n.avia-image-container.av-7bfwm-a1416f2663fe53148dd962bcdfaab02d .av-image-caption-overlay-center{\ncolor:#ffffff;\n}\n<\/style>\n<div  class='avia-image-container av-7bfwm-a1416f2663fe53148dd962bcdfaab02d av-styling-no-styling avia-align-center  avia-builder-el-15  avia-builder-el-no-sibling '   itemprop=\"image\" itemscope=\"itemscope\" itemtype=\"https:\/\/schema.org\/ImageObject\" ><div class=\"avia-image-container-inner\"><div class=\"avia-image-overlay-wrap\"><img decoding=\"async\" fetchpriority=\"high\" class='wp-image-348 avia-img-lazy-loading-not-348 avia_image ' src=\"https:\/\/rosenheim.storm-tech.uk\/wp-content\/uploads\/2025\/04\/young-black-man-workwear-cleaning-floor-while-girl-wiping-desks-with-computers.jpeg\" alt='' title='young-black-man-workwear-cleaning-floor-while-girl-wiping-desks-with-computers'  height=\"5477\" width=\"8216\"  itemprop=\"thumbnailUrl\" srcset=\"https:\/\/rosenheim.storm-tech.uk\/wp-content\/uploads\/2025\/04\/young-black-man-workwear-cleaning-floor-while-girl-wiping-desks-with-computers.jpeg 8216w, https:\/\/rosenheim.storm-tech.uk\/wp-content\/uploads\/2025\/04\/young-black-man-workwear-cleaning-floor-while-girl-wiping-desks-with-computers-300x200.jpeg 300w, https:\/\/rosenheim.storm-tech.uk\/wp-content\/uploads\/2025\/04\/young-black-man-workwear-cleaning-floor-while-girl-wiping-desks-with-computers-1024x683.jpeg 1024w, https:\/\/rosenheim.storm-tech.uk\/wp-content\/uploads\/2025\/04\/young-black-man-workwear-cleaning-floor-while-girl-wiping-desks-with-computers-768x512.jpeg 768w, https:\/\/rosenheim.storm-tech.uk\/wp-content\/uploads\/2025\/04\/young-black-man-workwear-cleaning-floor-while-girl-wiping-desks-with-computers-1536x1024.jpeg 1536w, https:\/\/rosenheim.storm-tech.uk\/wp-content\/uploads\/2025\/04\/young-black-man-workwear-cleaning-floor-while-girl-wiping-desks-with-computers-1500x1000.jpeg 1500w, https:\/\/rosenheim.storm-tech.uk\/wp-content\/uploads\/2025\/04\/young-black-man-workwear-cleaning-floor-while-girl-wiping-desks-with-computers-705x470.jpeg 705w\" sizes=\"(max-width: 8216px) 100vw, 8216px\" \/><\/div><\/div><\/div><\/div><\/p>\n","protected":false},"excerpt":{"rendered":"","protected":false},"author":1,"featured_media":0,"parent":25,"menu_order":0,"comment_status":"closed","ping_status":"closed","template":"","meta":{"footnotes":""},"class_list":["post-142","page","type-page","status-publish","hentry"],"_links":{"self":[{"href":"https:\/\/rosenheim.storm-tech.uk\/index.php?rest_route=\/wp\/v2\/pages\/142","targetHints":{"allow":["GET"]}}],"collection":[{"href":"https:\/\/rosenheim.storm-tech.uk\/index.php?rest_route=\/wp\/v2\/pages"}],"about":[{"href":"https:\/\/rosenheim.storm-tech.uk\/index.php?rest_route=\/wp\/v2\/types\/page"}],"author":[{"embeddable":true,"href":"https:\/\/rosenheim.storm-tech.uk\/index.php?rest_route=\/wp\/v2\/users\/1"}],"replies":[{"embeddable":true,"href":"https:\/\/rosenheim.storm-tech.uk\/index.php?rest_route=%2Fwp%2Fv2%2Fcomments&post=142"}],"version-history":[{"count":1,"href":"https:\/\/rosenheim.storm-tech.uk\/index.php?rest_route=\/wp\/v2\/pages\/142\/revisions"}],"predecessor-version":[{"id":349,"href":"https:\/\/rosenheim.storm-tech.uk\/index.php?rest_route=\/wp\/v2\/pages\/142\/revisions\/349"}],"up":[{"embeddable":true,"href":"https:\/\/rosenheim.storm-tech.uk\/index.php?rest_route=\/wp\/v2\/pages\/25"}],"wp:attachment":[{"href":"https:\/\/rosenheim.storm-tech.uk\/index.php?rest_route=%2Fwp%2Fv2%2Fmedia&parent=142"}],"curies":[{"name":"wp","href":"https:\/\/api.w.org\/{rel}","templated":true}]}}