{"id":140,"date":"2015-10-22T15:32:14","date_gmt":"2015-10-22T15:32:14","guid":{"rendered":"http:\/\/test.kriesi.at\/construction\/?page_id=140"},"modified":"2025-04-29T18:31:58","modified_gmt":"2025-04-29T18:31:58","slug":"small-projects","status":"publish","type":"page","link":"https:\/\/rosenheim.storm-tech.uk\/?page_id=140","title":{"rendered":"Small Projects"},"content":{"rendered":"<div  class='avia-slideshow av-cae18-28fec18ccb343331b7dbda92061a4303 avia-slideshow-featured_large av_slideshow avia-fade-slider  avia-builder-el-0  el_before_av_one_full  avia-builder-el-first  av-slideshow-ui av-control-hidden av-no-slider-navigation av-hide-nav-arrows av-slideshow-autoplay av-loop-endless av-loop-manual-endless av-default-height-applied avia-slideshow-1' data-slideshow-options=\"{&quot;animation&quot;:&quot;fade&quot;,&quot;autoplay&quot;:true,&quot;loop_autoplay&quot;:&quot;endless&quot;,&quot;interval&quot;:5,&quot;loop_manual&quot;:&quot;manual-endless&quot;,&quot;autoplay_stopper&quot;:false,&quot;noNavigation&quot;:true,&quot;bg_slider&quot;:false,&quot;keep_padding&quot;:false,&quot;hoverpause&quot;:false,&quot;show_slide_delay&quot;:0}\"  itemprop=\"image\" itemscope=\"itemscope\" itemtype=\"https:\/\/schema.org\/ImageObject\" ><ul class='avia-slideshow-inner ' style='padding-bottom: 42%;'><li  class='avia-slideshow-slide av-cae18-28fec18ccb343331b7dbda92061a4303__0  slide-1 slide-odd'><div data-rel='slideshow-1' class='avia-slide-wrap '   ><img decoding=\"async\" fetchpriority=\"high\" class=\"wp-image-329 avia-img-lazy-loading-not-329\"  src=\"https:\/\/rosenheim.storm-tech.uk\/wp-content\/uploads\/2025\/04\/people-housework-housekeeping-concept-happy-woman-gloves-cleaning-window-with-rag-cleanser-spray-home-1500x630.jpeg\" width=\"1500\" height=\"630\" title='people-housework-housekeeping-concept-happy-woman-gloves-cleaning-window-with-rag-cleanser-spray-home' alt=''  itemprop=\"thumbnailUrl\"   \/><\/div><\/li><li  class='avia-slideshow-slide av-cae18-28fec18ccb343331b7dbda92061a4303__1  slide-2 slide-even'><div data-rel='slideshow-1' class='avia-slide-wrap '   ><img decoding=\"async\" fetchpriority=\"high\" class=\"wp-image-330 avia-img-lazy-loading-not-330\"  src=\"https:\/\/rosenheim.storm-tech.uk\/wp-content\/uploads\/2025\/04\/front-view-hand-cleaning-bathroom-glass-1500x630.jpeg\" width=\"1500\" height=\"630\" title='front-view-hand-cleaning-bathroom-glass' alt=''  itemprop=\"thumbnailUrl\"   \/><\/div><\/li><\/ul><div class='avia-slideshow-arrows avia-slideshow-controls' ><a href='#prev' class='prev-slide ' aria-hidden='true' data-av_icon='\ue87c' data-av_iconfont='entypo-fontello'  tabindex='-1'>Previous<\/a><a href='#next' class='next-slide ' aria-hidden='true' data-av_icon='\ue87d' data-av_iconfont='entypo-fontello'  tabindex='-1'>Next<\/a><\/div><\/div>\n\n<style type=\"text\/css\" data-created_by=\"avia_inline_auto\" id=\"style-css-av-2vlvkk-febf14709e0bd0acd0a4c75827867f53\">\n#top .flex_column.av-2vlvkk-febf14709e0bd0acd0a4c75827867f53{\nmargin-top:0px;\nmargin-bottom:0px;\n}\n.flex_column.av-2vlvkk-febf14709e0bd0acd0a4c75827867f53{\nborder-radius:0px 0px 0px 0px;\npadding:0px 0px 0px 0px;\n}\n.responsive #top #wrap_all .flex_column.av-2vlvkk-febf14709e0bd0acd0a4c75827867f53{\nmargin-top:0px;\nmargin-bottom:0px;\n}\n<\/style>\n<div  class='flex_column av-2vlvkk-febf14709e0bd0acd0a4c75827867f53 av_one_full  avia-builder-el-1  el_after_av_slideshow  el_before_av_one_half  first flex_column_div av-animated-generic bottom-to-top av-zero-column-padding  '     ><p>\n<style type=\"text\/css\" data-created_by=\"avia_inline_auto\" id=\"style-css-av-2rr9lo-9762d2803aec3176ef795609d4e22bce\">\n#top .av-special-heading.av-2rr9lo-9762d2803aec3176ef795609d4e22bce{\npadding-bottom:0;\n}\nbody .av-special-heading.av-2rr9lo-9762d2803aec3176ef795609d4e22bce .av-special-heading-tag .heading-char{\nfont-size:25px;\n}\n.av-special-heading.av-2rr9lo-9762d2803aec3176ef795609d4e22bce .av-subheading{\nfont-size:15px;\n}\n<\/style>\n<div  class='av-special-heading av-2rr9lo-9762d2803aec3176ef795609d4e22bce av-special-heading-h2 blockquote modern-quote  avia-builder-el-2  el_before_av_hr  avia-builder-el-first '><h2 class='av-special-heading-tag '  itemprop=\"headline\"  >Fensterreinigung<\/h2><div class=\"special-heading-border\"><div class=\"special-heading-inner-border\"><\/div><\/div><\/div><br \/>\n\n<style type=\"text\/css\" data-created_by=\"avia_inline_auto\" id=\"style-css-av-2ij06k-3d2294e859abdfef4408862e240bd9a8\">\n#top .hr.av-2ij06k-3d2294e859abdfef4408862e240bd9a8{\nmargin-top:10px;\nmargin-bottom:10px;\n}\n.hr.av-2ij06k-3d2294e859abdfef4408862e240bd9a8 .hr-inner{\nwidth:50px;\nborder-color:#efbb20;\n}\n<\/style>\n<div  class='hr av-2ij06k-3d2294e859abdfef4408862e240bd9a8 hr-custom  avia-builder-el-3  el_after_av_heading  avia-builder-el-last  hr-left hr-icon-no'><span class='hr-inner inner-border-av-border-fat'><span class=\"hr-inner-style\"><\/span><\/span><\/div><\/p><\/div>\n<style type=\"text\/css\" data-created_by=\"avia_inline_auto\" id=\"style-css-av-2gohw4-001adff60e6447469f615c312ccb9df1\">\n#top .flex_column.av-2gohw4-001adff60e6447469f615c312ccb9df1{\nmargin-top:0px;\nmargin-bottom:0px;\n}\n.flex_column.av-2gohw4-001adff60e6447469f615c312ccb9df1{\nborder-radius:0px 0px 0px 0px;\npadding:0px 0px 0px 0px;\n}\n.responsive #top #wrap_all .flex_column.av-2gohw4-001adff60e6447469f615c312ccb9df1{\nmargin-top:0px;\nmargin-bottom:0px;\n}\n<\/style>\n<div  class='flex_column av-2gohw4-001adff60e6447469f615c312ccb9df1 av_one_half  avia-builder-el-4  el_after_av_one_full  el_before_av_one_half  first flex_column_div av-animated-generic bottom-to-top av-zero-column-padding  column-top-margin'     ><section  class='av_textblock_section av-28xvss-3ac0be9dce1e4422ddd4b3660f8ed777 '   itemscope=\"itemscope\" itemtype=\"https:\/\/schema.org\/CreativeWork\" ><div class='avia_textblock'  itemprop=\"text\" ><p class=\"\" data-start=\"203\" data-end=\"455\"><strong data-start=\"203\" data-end=\"256\">Strahlend saubere Fenster f\u00fcr einen klaren Blick.<\/strong><br data-start=\"256\" data-end=\"259\" \/>Ob kleines B\u00fcro, Wohnung oder Gesch\u00e4ft \u2013 wir sorgen f\u00fcr gl\u00e4nzende Scheiben und mehr Tageslicht.<br data-start=\"354\" data-end=\"357\" \/>Professionelle Reinigung auch an schwer erreichbaren Stellen \u2013 effizient, sicher und streifenfrei.<\/p>\n<\/div><\/section><\/div>\n<style type=\"text\/css\" data-created_by=\"avia_inline_auto\" id=\"style-css-av-210zmk-7b0bc53d618cbf6c8d06572f3a0543d4\">\n#top .flex_column.av-210zmk-7b0bc53d618cbf6c8d06572f3a0543d4{\nmargin-top:0px;\nmargin-bottom:0px;\n}\n.flex_column.av-210zmk-7b0bc53d618cbf6c8d06572f3a0543d4{\nborder-radius:0px 0px 0px 0px;\npadding:0px 0px 0px 0px;\n}\n.responsive #top #wrap_all .flex_column.av-210zmk-7b0bc53d618cbf6c8d06572f3a0543d4{\nmargin-top:0px;\nmargin-bottom:0px;\n}\n<\/style>\n<div  class='flex_column av-210zmk-7b0bc53d618cbf6c8d06572f3a0543d4 av_one_half  avia-builder-el-6  el_after_av_one_half  el_before_av_one_full  flex_column_div av-animated-generic bottom-to-top av-zero-column-padding  column-top-margin'     ><style type=\"text\/css\" data-created_by=\"avia_inline_auto\" id=\"style-css-av-1urvgk-0925d95ddc299f11366b8b32a95d709d\">\n.avia-image-container.av-1urvgk-0925d95ddc299f11366b8b32a95d709d img.avia_image{\nbox-shadow:none;\n}\n.avia-image-container.av-1urvgk-0925d95ddc299f11366b8b32a95d709d .av-image-caption-overlay-center{\ncolor:#ffffff;\n}\n<\/style>\n<div  class='avia-image-container av-1urvgk-0925d95ddc299f11366b8b32a95d709d av-styling-no-styling avia-align-center  avia-builder-el-7  avia-builder-el-no-sibling '   itemprop=\"image\" itemscope=\"itemscope\" itemtype=\"https:\/\/schema.org\/ImageObject\" ><div class=\"avia-image-container-inner\"><div class=\"avia-image-overlay-wrap\"><img decoding=\"async\" fetchpriority=\"high\" class='wp-image-331 avia-img-lazy-loading-not-331 avia_image ' src=\"https:\/\/rosenheim.storm-tech.uk\/wp-content\/uploads\/2025\/04\/woman-protective-gloves-is-smiling-wiping-dust-using-spray-duster-while-cleaning-her-house-close-up-scaled.jpeg\" alt='' title='woman-protective-gloves-is-smiling-wiping-dust-using-spray-duster-while-cleaning-her-house-close-up'  height=\"1707\" width=\"2560\"  itemprop=\"thumbnailUrl\" srcset=\"https:\/\/rosenheim.storm-tech.uk\/wp-content\/uploads\/2025\/04\/woman-protective-gloves-is-smiling-wiping-dust-using-spray-duster-while-cleaning-her-house-close-up-scaled.jpeg 2560w, https:\/\/rosenheim.storm-tech.uk\/wp-content\/uploads\/2025\/04\/woman-protective-gloves-is-smiling-wiping-dust-using-spray-duster-while-cleaning-her-house-close-up-300x200.jpeg 300w, https:\/\/rosenheim.storm-tech.uk\/wp-content\/uploads\/2025\/04\/woman-protective-gloves-is-smiling-wiping-dust-using-spray-duster-while-cleaning-her-house-close-up-1024x683.jpeg 1024w, https:\/\/rosenheim.storm-tech.uk\/wp-content\/uploads\/2025\/04\/woman-protective-gloves-is-smiling-wiping-dust-using-spray-duster-while-cleaning-her-house-close-up-768x512.jpeg 768w, https:\/\/rosenheim.storm-tech.uk\/wp-content\/uploads\/2025\/04\/woman-protective-gloves-is-smiling-wiping-dust-using-spray-duster-while-cleaning-her-house-close-up-1536x1024.jpeg 1536w, https:\/\/rosenheim.storm-tech.uk\/wp-content\/uploads\/2025\/04\/woman-protective-gloves-is-smiling-wiping-dust-using-spray-duster-while-cleaning-her-house-close-up-2048x1365.jpeg 2048w, https:\/\/rosenheim.storm-tech.uk\/wp-content\/uploads\/2025\/04\/woman-protective-gloves-is-smiling-wiping-dust-using-spray-duster-while-cleaning-her-house-close-up-1500x1000.jpeg 1500w, https:\/\/rosenheim.storm-tech.uk\/wp-content\/uploads\/2025\/04\/woman-protective-gloves-is-smiling-wiping-dust-using-spray-duster-while-cleaning-her-house-close-up-705x470.jpeg 705w\" sizes=\"(max-width: 2560px) 100vw, 2560px\" \/><\/div><\/div><\/div><\/div>\n<style type=\"text\/css\" data-created_by=\"avia_inline_auto\" id=\"style-css-av-1tc4t0-13f8c2c37df8997ff449d2ababe9f888\">\n.flex_column.av-1tc4t0-13f8c2c37df8997ff449d2ababe9f888{\nborder-width:1px;\nborder-color:#e1e1e1;\nborder-style:solid;\nborder-radius:0px 0px 0px 0px;\npadding:20px 20px 20px 20px;\nbackground-color:#fcfcfc;\n}\n<\/style>\n<div  class='flex_column av-1tc4t0-13f8c2c37df8997ff449d2ababe9f888 av_one_full  avia-builder-el-8  el_after_av_one_half  el_before_av_one_half  first flex_column_div av-animated-generic bottom-to-top  column-top-margin'     ><section  class='av_textblock_section av-1mlkjw-516cb31e327b331ee224230e3fa5d82e '   itemscope=\"itemscope\" itemtype=\"https:\/\/schema.org\/CreativeWork\" ><div class='avia_textblock'  itemprop=\"text\" ><p>Kristallklare Fenster f\u00fcr ein neues Raumgef\u00fchl.<br data-start=\"254\" data-end=\"257\" \/>Ob Wohnung oder kleines B\u00fcro \u2013 saubere Scheiben bringen mehr Licht und Wohlbefinden.<br data-start=\"341\" data-end=\"344\" \/>Effizient, zuverl\u00e4ssig und ohne Streifen \u2013 wir k\u00fcmmern uns um jede Scheibe.<\/p>\n<\/div><\/section><\/div>\n<style type=\"text\/css\" data-created_by=\"avia_inline_auto\" id=\"style-css-av-1g7cqs-0ad1920cc465555e01c374eb52b21188\">\n.flex_column.av-1g7cqs-0ad1920cc465555e01c374eb52b21188{\nborder-radius:0px 0px 0px 0px;\npadding:0px 0px 0px 0px;\n}\n<\/style>\n<div  class='flex_column av-1g7cqs-0ad1920cc465555e01c374eb52b21188 av_one_half  avia-builder-el-10  el_after_av_one_full  el_before_av_one_half  first flex_column_div av-animated-generic bottom-to-top av-zero-column-padding  column-top-margin'     ><p>\n<style type=\"text\/css\" data-created_by=\"avia_inline_auto\" id=\"style-css-av-1751tw-bd9b915ed421269ca59849fae51ac6c0\">\n#top .av-special-heading.av-1751tw-bd9b915ed421269ca59849fae51ac6c0{\npadding-bottom:0;\n}\nbody .av-special-heading.av-1751tw-bd9b915ed421269ca59849fae51ac6c0 .av-special-heading-tag .heading-char{\nfont-size:25px;\n}\n.av-special-heading.av-1751tw-bd9b915ed421269ca59849fae51ac6c0 .av-subheading{\nfont-size:15px;\n}\n<\/style>\n<div  class='av-special-heading av-1751tw-bd9b915ed421269ca59849fae51ac6c0 av-special-heading-h2 blockquote modern-quote  avia-builder-el-11  el_before_av_hr  avia-builder-el-first '><h2 class='av-special-heading-tag '  itemprop=\"headline\"  >Perfekt f\u00fcr Sie<\/h2><div class=\"special-heading-border\"><div class=\"special-heading-inner-border\"><\/div><\/div><\/div><br \/>\n\n<style type=\"text\/css\" data-created_by=\"avia_inline_auto\" id=\"style-css-av-3ugoc-9fc39b76a5f710a0a9ac138880c39ead\">\n#top .hr.av-3ugoc-9fc39b76a5f710a0a9ac138880c39ead{\nmargin-top:10px;\nmargin-bottom:10px;\n}\n.hr.av-3ugoc-9fc39b76a5f710a0a9ac138880c39ead .hr-inner{\nwidth:50px;\nborder-color:#efbb20;\n}\n<\/style>\n<div  class='hr av-3ugoc-9fc39b76a5f710a0a9ac138880c39ead hr-custom  avia-builder-el-12  el_after_av_heading  el_before_av_textblock  hr-left hr-icon-no'><span class='hr-inner inner-border-av-border-fat'><span class=\"hr-inner-style\"><\/span><\/span><\/div><br \/>\n<section  class='av_textblock_section av-whbsc-6850245b50830d4f70e8b0683d9156c0 '   itemscope=\"itemscope\" itemtype=\"https:\/\/schema.org\/CreativeWork\" ><div class='avia_textblock'  itemprop=\"text\" ><p><strong data-start=\"155\" data-end=\"204\">Glasklare Fenster \u2013 ein echter Wohlf\u00fchlfaktor<\/strong><br data-start=\"204\" data-end=\"207\" \/>Genie\u00dfen Sie den Ausblick mit streifenfreien, sauberen Fenstern, die mehr Licht und Lebensqualit\u00e4t in Ihre R\u00e4ume bringen.<br data-start=\"328\" data-end=\"331\" \/>Ob Wohnung, B\u00fcro oder Gesch\u00e4ft \u2013 wir sorgen f\u00fcr ein makelloses Ergebnis, das Eindruck macht.<\/p>\n<\/div><\/section><\/p><\/div>\n<style type=\"text\/css\" data-created_by=\"avia_inline_auto\" id=\"style-css-av-rstfg-fa453443642ebbf3dea223fe94cbdd33\">\n.flex_column.av-rstfg-fa453443642ebbf3dea223fe94cbdd33{\nborder-radius:0px 0px 0px 0px;\npadding:0px 0px 0px 0px;\n}\n<\/style>\n<div  class='flex_column av-rstfg-fa453443642ebbf3dea223fe94cbdd33 av_one_half  avia-builder-el-14  el_after_av_one_half  avia-builder-el-last  flex_column_div av-animated-generic bottom-to-top av-zero-column-padding  column-top-margin'     ><p>\n<style type=\"text\/css\" data-created_by=\"avia_inline_auto\" id=\"style-css-av-ipfxo-ff5442f3b80c20b460f8abd7da9eac6e\">\n#top .av-special-heading.av-ipfxo-ff5442f3b80c20b460f8abd7da9eac6e{\npadding-bottom:0;\n}\nbody .av-special-heading.av-ipfxo-ff5442f3b80c20b460f8abd7da9eac6e .av-special-heading-tag .heading-char{\nfont-size:25px;\n}\n.av-special-heading.av-ipfxo-ff5442f3b80c20b460f8abd7da9eac6e .av-subheading{\nfont-size:15px;\n}\n<\/style>\n<div  class='av-special-heading av-ipfxo-ff5442f3b80c20b460f8abd7da9eac6e av-special-heading-h2 blockquote modern-quote  avia-builder-el-15  el_before_av_hr  avia-builder-el-first '><h2 class='av-special-heading-tag '  itemprop=\"headline\"  >Machen Sie es m\u00f6glich<\/h2><div class=\"special-heading-border\"><div class=\"special-heading-inner-border\"><\/div><\/div><\/div><br \/>\n\n<style type=\"text\/css\" data-created_by=\"avia_inline_auto\" id=\"style-css-av-dg5w4-ba288f70b568857c0469cc9e5716927e\">\n#top .hr.av-dg5w4-ba288f70b568857c0469cc9e5716927e{\nmargin-top:10px;\nmargin-bottom:10px;\n}\n.hr.av-dg5w4-ba288f70b568857c0469cc9e5716927e .hr-inner{\nwidth:50px;\nborder-color:#efbb20;\n}\n<\/style>\n<div  class='hr av-dg5w4-ba288f70b568857c0469cc9e5716927e hr-custom  avia-builder-el-16  el_after_av_heading  el_before_av_textblock  hr-left hr-icon-no'><span class='hr-inner inner-border-av-border-fat'><span class=\"hr-inner-style\"><\/span><\/span><\/div><br \/>\n<section  class='av_textblock_section av-9ktos-a2db69aeb5b0c5b5fc868031890bed24 '   itemscope=\"itemscope\" itemtype=\"https:\/\/schema.org\/CreativeWork\" ><div class='avia_textblock'  itemprop=\"text\" ><p><strong data-start=\"483\" data-end=\"533\">Professionelle Fensterreinigung leicht gemacht<\/strong><br data-start=\"533\" data-end=\"536\" \/>Sie w\u00fcnschen sich ein helleres Raumgef\u00fchl und klare Sicht? Unsere Experten reinigen effizient, sicher und nachhaltig \u2013 selbst bei schwer zug\u00e4nglichen Fenstern.<br data-start=\"695\" data-end=\"698\" \/>Lassen Sie uns die Arbeit \u00fcbernehmen \u2013 f\u00fcr Ihre Zufriedenheit und einen gl\u00e4nzenden Eindruck.<\/p>\n<\/div><\/section><\/p><\/div><\/p>\n","protected":false},"excerpt":{"rendered":"","protected":false},"author":1,"featured_media":0,"parent":25,"menu_order":0,"comment_status":"closed","ping_status":"closed","template":"","meta":{"footnotes":""},"class_list":["post-140","page","type-page","status-publish","hentry"],"_links":{"self":[{"href":"https:\/\/rosenheim.storm-tech.uk\/index.php?rest_route=\/wp\/v2\/pages\/140","targetHints":{"allow":["GET"]}}],"collection":[{"href":"https:\/\/rosenheim.storm-tech.uk\/index.php?rest_route=\/wp\/v2\/pages"}],"about":[{"href":"https:\/\/rosenheim.storm-tech.uk\/index.php?rest_route=\/wp\/v2\/types\/page"}],"author":[{"embeddable":true,"href":"https:\/\/rosenheim.storm-tech.uk\/index.php?rest_route=\/wp\/v2\/users\/1"}],"replies":[{"embeddable":true,"href":"https:\/\/rosenheim.storm-tech.uk\/index.php?rest_route=%2Fwp%2Fv2%2Fcomments&post=140"}],"version-history":[{"count":3,"href":"https:\/\/rosenheim.storm-tech.uk\/index.php?rest_route=\/wp\/v2\/pages\/140\/revisions"}],"predecessor-version":[{"id":333,"href":"https:\/\/rosenheim.storm-tech.uk\/index.php?rest_route=\/wp\/v2\/pages\/140\/revisions\/333"}],"up":[{"embeddable":true,"href":"https:\/\/rosenheim.storm-tech.uk\/index.php?rest_route=\/wp\/v2\/pages\/25"}],"wp:attachment":[{"href":"https:\/\/rosenheim.storm-tech.uk\/index.php?rest_route=%2Fwp%2Fv2%2Fmedia&parent=140"}],"curies":[{"name":"wp","href":"https:\/\/api.w.org\/{rel}","templated":true}]}}