{"id":138,"date":"2015-10-22T15:31:54","date_gmt":"2015-10-22T15:31:54","guid":{"rendered":"http:\/\/test.kriesi.at\/construction\/?page_id=138"},"modified":"2025-04-29T18:30:26","modified_gmt":"2025-04-29T18:30:26","slug":"house-renovation","status":"publish","type":"page","link":"https:\/\/rosenheim.storm-tech.uk\/?page_id=138","title":{"rendered":"House renovation"},"content":{"rendered":"<div  class='avia-slideshow av-43v06y-b02143a182f590ce5842cf5e0f5ddca4 avia-slideshow-featured_large av_slideshow avia-fade-slider  avia-builder-el-0  el_before_av_one_full  avia-builder-el-first  av-slideshow-ui av-control-hidden av-no-slider-navigation av-hide-nav-arrows av-slideshow-autoplay av-loop-endless av-loop-manual-endless av-default-height-applied avia-slideshow-1' data-slideshow-options=\"{&quot;animation&quot;:&quot;fade&quot;,&quot;autoplay&quot;:true,&quot;loop_autoplay&quot;:&quot;endless&quot;,&quot;interval&quot;:5,&quot;loop_manual&quot;:&quot;manual-endless&quot;,&quot;autoplay_stopper&quot;:false,&quot;noNavigation&quot;:true,&quot;bg_slider&quot;:false,&quot;keep_padding&quot;:false,&quot;hoverpause&quot;:false,&quot;show_slide_delay&quot;:0}\"  itemprop=\"image\" itemscope=\"itemscope\" itemtype=\"https:\/\/schema.org\/ImageObject\" ><ul class='avia-slideshow-inner ' style='padding-bottom: 42%;'><li  class='avia-slideshow-slide av-43v06y-b02143a182f590ce5842cf5e0f5ddca4__0  slide-1 slide-odd'><div data-rel='slideshow-1' class='avia-slide-wrap '   ><img decoding=\"async\" fetchpriority=\"high\" class=\"wp-image-320 avia-img-lazy-loading-not-320\"  src=\"https:\/\/rosenheim.storm-tech.uk\/wp-content\/uploads\/2025\/04\/people-taking-care-office-cleaning-1500x630.jpeg\" width=\"1500\" height=\"630\" title='people-taking-care-office-cleaning' alt=''  itemprop=\"thumbnailUrl\"   \/><\/div><\/li><li  class='avia-slideshow-slide av-43v06y-b02143a182f590ce5842cf5e0f5ddca4__1  slide-2 slide-even'><div data-rel='slideshow-1' class='avia-slide-wrap '   ><img decoding=\"async\" fetchpriority=\"high\" class=\"wp-image-321 avia-img-lazy-loading-not-321\"  src=\"https:\/\/rosenheim.storm-tech.uk\/wp-content\/uploads\/2025\/04\/professional-cleaning-service-people-working-together-office-1-1500x630.jpeg\" width=\"1500\" height=\"630\" title='professional-cleaning-service-people-working-together-office (1)' alt=''  itemprop=\"thumbnailUrl\"   \/><\/div><\/li><li  class='avia-slideshow-slide av-43v06y-b02143a182f590ce5842cf5e0f5ddca4__2  slide-3 slide-odd'><div data-rel='slideshow-1' class='avia-slide-wrap '   ><img decoding=\"async\" fetchpriority=\"high\" class=\"wp-image-322 avia-img-lazy-loading-not-322\"  src=\"https:\/\/rosenheim.storm-tech.uk\/wp-content\/uploads\/2025\/04\/person-taking-care-office-cleaning-scaled-e1744924194280-1500x630.jpeg\" width=\"1500\" height=\"630\" title='person-taking-care-office-cleaning' alt=''  itemprop=\"thumbnailUrl\"   \/><\/div><\/li><\/ul><div class='avia-slideshow-arrows avia-slideshow-controls' ><a href='#prev' class='prev-slide ' aria-hidden='true' data-av_icon='\ue87c' data-av_iconfont='entypo-fontello'  tabindex='-1'>Previous<\/a><a href='#next' class='next-slide ' aria-hidden='true' data-av_icon='\ue87d' data-av_iconfont='entypo-fontello'  tabindex='-1'>Next<\/a><\/div><\/div>\n\n<style type=\"text\/css\" data-created_by=\"avia_inline_auto\" id=\"style-css-av-3djd82-4edf219df368cb118f1c5f2d38b05df5\">\n#top .flex_column.av-3djd82-4edf219df368cb118f1c5f2d38b05df5{\nmargin-top:0px;\nmargin-bottom:0px;\n}\n.flex_column.av-3djd82-4edf219df368cb118f1c5f2d38b05df5{\nborder-radius:0px 0px 0px 0px;\npadding:0px 0px 0px 0px;\n}\n.responsive #top #wrap_all .flex_column.av-3djd82-4edf219df368cb118f1c5f2d38b05df5{\nmargin-top:0px;\nmargin-bottom:0px;\n}\n<\/style>\n<div  class='flex_column av-3djd82-4edf219df368cb118f1c5f2d38b05df5 av_one_full  avia-builder-el-1  el_after_av_slideshow  el_before_av_one_half  first flex_column_div av-animated-generic bottom-to-top av-zero-column-padding  '     ><p>\n<style type=\"text\/css\" data-created_by=\"avia_inline_auto\" id=\"style-css-av-38oksa-afdbecda5c5b831e5f82ce8a9d28abb7\">\n#top .av-special-heading.av-38oksa-afdbecda5c5b831e5f82ce8a9d28abb7{\npadding-bottom:0;\n}\nbody .av-special-heading.av-38oksa-afdbecda5c5b831e5f82ce8a9d28abb7 .av-special-heading-tag .heading-char{\nfont-size:25px;\n}\n.av-special-heading.av-38oksa-afdbecda5c5b831e5f82ce8a9d28abb7 .av-subheading{\nfont-size:15px;\n}\n<\/style>\n<div  class='av-special-heading av-38oksa-afdbecda5c5b831e5f82ce8a9d28abb7 av-special-heading-h2 blockquote modern-quote  avia-builder-el-2  el_before_av_hr  avia-builder-el-first '><h2 class='av-special-heading-tag '  itemprop=\"headline\"  >Grundreinigung<\/h2><div class=\"special-heading-border\"><div class=\"special-heading-inner-border\"><\/div><\/div><\/div><br \/>\n\n<style type=\"text\/css\" data-created_by=\"avia_inline_auto\" id=\"style-css-av-304ja2-063b10b57ce76089c7e7538b307ca9af\">\n#top .hr.av-304ja2-063b10b57ce76089c7e7538b307ca9af{\nmargin-top:10px;\nmargin-bottom:10px;\n}\n.hr.av-304ja2-063b10b57ce76089c7e7538b307ca9af .hr-inner{\nwidth:50px;\nborder-color:#efbb20;\n}\n<\/style>\n<div  class='hr av-304ja2-063b10b57ce76089c7e7538b307ca9af hr-custom  avia-builder-el-3  el_after_av_heading  avia-builder-el-last  hr-left hr-icon-no'><span class='hr-inner inner-border-av-border-fat'><span class=\"hr-inner-style\"><\/span><\/span><\/div><\/p><\/div>\n<style type=\"text\/css\" data-created_by=\"avia_inline_auto\" id=\"style-css-av-2xhl2i-e663d2743bc257dafee36e627bf33ba6\">\n#top .flex_column.av-2xhl2i-e663d2743bc257dafee36e627bf33ba6{\nmargin-top:0px;\nmargin-bottom:0px;\n}\n.flex_column.av-2xhl2i-e663d2743bc257dafee36e627bf33ba6{\nborder-radius:0px 0px 0px 0px;\npadding:0px 0px 0px 0px;\n}\n.responsive #top #wrap_all .flex_column.av-2xhl2i-e663d2743bc257dafee36e627bf33ba6{\nmargin-top:0px;\nmargin-bottom:0px;\n}\n<\/style>\n<div  class='flex_column av-2xhl2i-e663d2743bc257dafee36e627bf33ba6 av_one_half  avia-builder-el-4  el_after_av_one_full  el_before_av_one_half  first flex_column_div av-animated-generic bottom-to-top av-zero-column-padding  column-top-margin'     ><section  class='av_textblock_section av-2t2zyq-f08b163ee742214e31b33d25d0c612e1 '   itemscope=\"itemscope\" itemtype=\"https:\/\/schema.org\/CreativeWork\" ><div class='avia_textblock'  itemprop=\"text\" ><p class=\"\" data-start=\"291\" data-end=\"498\"><strong data-start=\"291\" data-end=\"359\">Intensive Reinigung f\u00fcr ein strahlend sauberes Zuhause oder B\u00fcro<\/strong><br data-start=\"359\" data-end=\"362\" \/>Unsere Grundreinigung sorgt f\u00fcr hygienische Frische bis in die kleinste Ecke \u2013 ideal bei Einzug, Auszug oder dem gro\u00dfen Fr\u00fchjahrsputz.<\/p>\n<p class=\"\" data-start=\"500\" data-end=\"597\">Verlassen Sie sich auf gr\u00fcndliche Sauberkeit, bei der auch hartn\u00e4ckiger Schmutz keine Chance hat.<\/p>\n<\/div><\/section><\/div>\n<style type=\"text\/css\" data-created_by=\"avia_inline_auto\" id=\"style-css-av-2lao56-c4c888fc0f19c90ed0a4309ed17aaf7b\">\n#top .flex_column.av-2lao56-c4c888fc0f19c90ed0a4309ed17aaf7b{\nmargin-top:0px;\nmargin-bottom:0px;\n}\n.flex_column.av-2lao56-c4c888fc0f19c90ed0a4309ed17aaf7b{\nborder-radius:0px 0px 0px 0px;\npadding:0px 0px 0px 0px;\n}\n.responsive #top #wrap_all .flex_column.av-2lao56-c4c888fc0f19c90ed0a4309ed17aaf7b{\nmargin-top:0px;\nmargin-bottom:0px;\n}\n<\/style>\n<div  class='flex_column av-2lao56-c4c888fc0f19c90ed0a4309ed17aaf7b av_one_half  avia-builder-el-6  el_after_av_one_half  el_before_av_one_full  flex_column_div av-animated-generic bottom-to-top av-zero-column-padding  column-top-margin'     ><section  class='av_textblock_section av-2czgje-dbf04039de38bbf8450f7143c9637af6 '   itemscope=\"itemscope\" itemtype=\"https:\/\/schema.org\/CreativeWork\" ><div class='avia_textblock'  itemprop=\"text\" ><p>Eine gr\u00fcndliche Reinigung f\u00fcr h\u00f6chste Anspr\u00fcche<br \/>\nUnser geschultes Team sorgt f\u00fcr Sauberkeit bis ins kleinste Detail \u2013 ob in der K\u00fcche, im Bad oder in schwer erreichbaren Ecken.<\/p>\n<p>Mit professioneller Ausr\u00fcstung und umweltfreundlichen Reinigungsmitteln entfernen wir selbst hartn\u00e4ckigen Schmutz und hinterlassen strahlende Frische.<\/p>\n<p>Ob Fr\u00fchjahrsputz, Ein- oder Auszug \u2013 wir passen uns flexibel an Ihre Bed\u00fcrfnisse an und garantieren Ihnen ein hygienisch sauberes Umfeld.<\/p>\n<\/div><\/section><\/div>\n<style type=\"text\/css\" data-created_by=\"avia_inline_auto\" id=\"style-css-av-28jmoi-42c1c3bede306a57261a926d40b6b4ed\">\n.flex_column.av-28jmoi-42c1c3bede306a57261a926d40b6b4ed{\nborder-radius:0px 0px 0px 0px;\npadding:0px 0px 0px 0px;\n}\n<\/style>\n<div  class='flex_column av-28jmoi-42c1c3bede306a57261a926d40b6b4ed av_one_full  avia-builder-el-8  el_after_av_one_half  el_before_av_one_half  first flex_column_div av-animated-generic bottom-to-top av-zero-column-padding  column-top-margin'     ><div  class='togglecontainer av-216pn6-2fdc2507b53f391bda2f3ff56334d2a1  avia-builder-el-9  avia-builder-el-no-sibling  toggle_close_all' >\n<section class='av_toggle_section av-1wheqi-1ab3bd18b000cdbcbd97fd5bef135326'  itemscope=\"itemscope\" itemtype=\"https:\/\/schema.org\/CreativeWork\" ><div role=\"tablist\" class=\"single_toggle\" data-tags=\"{All} \"  ><p id='toggle-toggle-id-1' data-fake-id='#toggle-id-1' class='toggler  activeTitle av-title-above '  itemprop=\"headline\"  role='tab' tabindex='0' aria-controls='toggle-id-1' data-slide-speed=\"200\" data-title=\"Wohnungsrenovierung\" data-title-open=\"\" data-aria_collapsed=\"Click to expand: Wohnungsrenovierung\" data-aria_expanded=\"Click to collapse: Wohnungsrenovierung\">Wohnungsrenovierung<span class=\"toggle_icon\"><span class=\"vert_icon\"><\/span><span class=\"hor_icon\"><\/span><\/span><\/p><div id='toggle-id-1' aria-labelledby='toggle-toggle-id-1' role='region' class='toggle_wrap  active_tc av-title-above' style='display:block;' ><div class='toggle_content invers-color '  itemprop=\"text\" ><p>Unsere Dienstleistungen f\u00fcr Wohnungsrenovierungen umfassen alles, was Sie f\u00fcr ein frisches, modernes Zuhause ben\u00f6tigen. Vom Boden bis zur Decke \u2013 wir sorgen daf\u00fcr, dass jedes Detail stimmt.<\/p>\n<p>Unser erfahrenes Team k\u00fcmmert sich um alle Renovierungsarbeiten mit h\u00f6chster Pr\u00e4zision. Ganz gleich, ob Sie modernisieren, ausbessern oder umbauen m\u00f6chten \u2013 wir sind f\u00fcr Sie da. Wir renovieren schnell, effizient und mit einem Auge f\u00fcrs Detail.<\/p>\n<\/div><\/div><\/div><\/section>\n<section class='av_toggle_section av-1sh85e-22c0deb8a98b1b93696114075b40cc9e'  itemscope=\"itemscope\" itemtype=\"https:\/\/schema.org\/CreativeWork\" ><div role=\"tablist\" class=\"single_toggle\" data-tags=\"{All} \"  ><p id='toggle-toggle-id-2' data-fake-id='#toggle-id-2' class='toggler  av-title-above '  itemprop=\"headline\"  role='tab' tabindex='0' aria-controls='toggle-id-2' data-slide-speed=\"200\" data-title=\"Ma\u00dfanfertigung &amp; Handwerksservice\" data-title-open=\"\" data-aria_collapsed=\"Click to expand: Ma\u00dfanfertigung &amp; Handwerksservice\" data-aria_expanded=\"Click to collapse: Ma\u00dfanfertigung &amp; Handwerksservice\">Ma\u00dfanfertigung & Handwerksservice<span class=\"toggle_icon\"><span class=\"vert_icon\"><\/span><span class=\"hor_icon\"><\/span><\/span><\/p><div id='toggle-id-2' aria-labelledby='toggle-toggle-id-2' role='region' class='toggle_wrap  av-title-above'  ><div class='toggle_content invers-color '  itemprop=\"text\" ><p class=\"\" data-start=\"657\" data-end=\"843\">Mit unserer handwerklichen Expertise garantieren wir pr\u00e4zise und ma\u00dfgeschneiderte L\u00f6sungen. Ob Zuschnitt, Anpassung oder Reparatur \u2013 wir erledigen Ihre Auftr\u00e4ge sauber und zuverl\u00e4ssig.<\/p>\n<p class=\"\" data-start=\"850\" data-end=\"1042\">Unsere Fachkr\u00e4fte arbeiten mit h\u00f6chster Genauigkeit und modernstem Werkzeug. Egal, ob es sich um kleine Reparaturen oder gr\u00f6\u00dfere Anpassungen handelt \u2013 Ihr Projekt ist bei uns in besten H\u00e4nden.<\/p>\n<\/div><\/div><\/div><\/section>\n<section class='av_toggle_section av-1jx2sa-1324ca8cde5c423300c41683e543ef21'  itemscope=\"itemscope\" itemtype=\"https:\/\/schema.org\/CreativeWork\" ><div role=\"tablist\" class=\"single_toggle\" data-tags=\"{All} \"  ><p id='toggle-toggle-id-3' data-fake-id='#toggle-id-3' class='toggler  av-title-above '  itemprop=\"headline\"  role='tab' tabindex='0' aria-controls='toggle-id-3' data-slide-speed=\"200\" data-title=\"Gr\u00fcndliche Reinigung\" data-title-open=\"\" data-aria_collapsed=\"Click to expand: Gr\u00fcndliche Reinigung\" data-aria_expanded=\"Click to collapse: Gr\u00fcndliche Reinigung\">Gr\u00fcndliche Reinigung<span class=\"toggle_icon\"><span class=\"vert_icon\"><\/span><span class=\"hor_icon\"><\/span><\/span><\/p><div id='toggle-id-3' aria-labelledby='toggle-toggle-id-3' role='region' class='toggle_wrap  av-title-above'  ><div class='toggle_content invers-color '  itemprop=\"text\" ><p class=\"\" data-start=\"1084\" data-end=\"1285\">Unsere Grundreinigungen bringen strahlende Sauberkeit in jedes Zuhause oder B\u00fcro. Besonders geeignet f\u00fcr den Fr\u00fchjahrsputz oder nach Renovierungsarbeiten \u2013 wir reinigen gr\u00fcndlich, wo andere aufh\u00f6ren.<\/p>\n<p class=\"\" data-start=\"1292\" data-end=\"1487\">Wir setzen auf starke Reinigungsmittel, geschultes Personal und ein effizientes Vorgehen, um selbst hartn\u00e4ckigen Schmutz zu beseitigen. So sorgen wir f\u00fcr hygienische und gepflegte R\u00e4umlichkeiten.<\/p>\n<\/div><\/div><\/div><\/section>\n<\/div><\/div>\n<style type=\"text\/css\" data-created_by=\"avia_inline_auto\" id=\"style-css-av-1g3uyy-581570c770376c12f149a4cba4709c79\">\n.flex_column.av-1g3uyy-581570c770376c12f149a4cba4709c79{\nborder-radius:0px 0px 0px 0px;\npadding:0px 0px 0px 0px;\n}\n<\/style>\n<div  class='flex_column av-1g3uyy-581570c770376c12f149a4cba4709c79 av_one_half  avia-builder-el-10  el_after_av_one_full  el_before_av_one_half  first flex_column_div av-animated-generic bottom-to-top av-zero-column-padding  column-top-margin'     ><p>\n<style type=\"text\/css\" data-created_by=\"avia_inline_auto\" id=\"style-css-av-17xg7e-22c94df007ff9bc31cc6f35153f90077\">\n#top .av-special-heading.av-17xg7e-22c94df007ff9bc31cc6f35153f90077{\npadding-bottom:0;\n}\nbody .av-special-heading.av-17xg7e-22c94df007ff9bc31cc6f35153f90077 .av-special-heading-tag .heading-char{\nfont-size:25px;\n}\n.av-special-heading.av-17xg7e-22c94df007ff9bc31cc6f35153f90077 .av-subheading{\nfont-size:15px;\n}\n<\/style>\n<div  class='av-special-heading av-17xg7e-22c94df007ff9bc31cc6f35153f90077 av-special-heading-h2 blockquote modern-quote  avia-builder-el-11  el_before_av_hr  avia-builder-el-first '><h2 class='av-special-heading-tag '  itemprop=\"headline\"  >PERFEKT F\u00dcR SIE<\/h2><div class=\"special-heading-border\"><div class=\"special-heading-inner-border\"><\/div><\/div><\/div><br \/>\n\n<style type=\"text\/css\" data-created_by=\"avia_inline_auto\" id=\"style-css-av-10fim2-4a9a2a0381cafff582e1025abf55ff7c\">\n#top .hr.av-10fim2-4a9a2a0381cafff582e1025abf55ff7c{\nmargin-top:10px;\nmargin-bottom:10px;\n}\n.hr.av-10fim2-4a9a2a0381cafff582e1025abf55ff7c .hr-inner{\nwidth:50px;\nborder-color:#efbb20;\n}\n<\/style>\n<div  class='hr av-10fim2-4a9a2a0381cafff582e1025abf55ff7c hr-custom  avia-builder-el-12  el_after_av_heading  el_before_av_textblock  hr-left hr-icon-no'><span class='hr-inner inner-border-av-border-fat'><span class=\"hr-inner-style\"><\/span><\/span><\/div><br \/>\n<section  class='av_textblock_section av-wdfcq-433026b718379d00f5a1e6ea2a9f319c '   itemscope=\"itemscope\" itemtype=\"https:\/\/schema.org\/CreativeWork\" ><div class='avia_textblock'  itemprop=\"text\" ><p class=\"\" data-start=\"333\" data-end=\"506\">Sie m\u00f6chten Ihr Zuhause in bestem Licht pr\u00e4sentieren?<br data-start=\"386\" data-end=\"389\" \/>Unsere professionelle Reinigung sorgt f\u00fcr den perfekten ersten Eindruck \u2013 gr\u00fcndlich, zuverl\u00e4ssig und termingerecht.<\/p>\n<p class=\"\" data-start=\"508\" data-end=\"620\">Ob Hausverkauf, Wohnungs\u00fcbergabe oder Einzug in Ihr neues Traumhaus \u2013 wir garantieren Sauberkeit, die \u00fcberzeugt.<\/p>\n<\/div><\/section><\/p><\/div>\n<style type=\"text\/css\" data-created_by=\"avia_inline_auto\" id=\"style-css-av-rftu2-03e1bcb606379208f73113e19790fdef\">\n.flex_column.av-rftu2-03e1bcb606379208f73113e19790fdef{\nborder-radius:0px 0px 0px 0px;\npadding:0px 0px 0px 0px;\n}\n<\/style>\n<div  class='flex_column av-rftu2-03e1bcb606379208f73113e19790fdef av_one_half  avia-builder-el-14  el_after_av_one_half  el_before_av_one_full  flex_column_div av-animated-generic bottom-to-top av-zero-column-padding  column-top-margin'     ><style type=\"text\/css\" data-created_by=\"avia_inline_auto\" id=\"style-css-av-k250q-368904baba2908ed1bf1d800d971329e\">\n.avia-image-container.av-k250q-368904baba2908ed1bf1d800d971329e img.avia_image{\nbox-shadow:none;\n}\n.avia-image-container.av-k250q-368904baba2908ed1bf1d800d971329e .av-image-caption-overlay-center{\ncolor:#ffffff;\n}\n<\/style>\n<div  class='avia-image-container av-k250q-368904baba2908ed1bf1d800d971329e av-styling-no-styling avia-align-center  avia-builder-el-15  avia-builder-el-no-sibling '   itemprop=\"image\" itemscope=\"itemscope\" itemtype=\"https:\/\/schema.org\/ImageObject\" ><div class=\"avia-image-container-inner\"><div class=\"avia-image-overlay-wrap\"><img decoding=\"async\" fetchpriority=\"high\" class='wp-image-299 avia-img-lazy-loading-not-299 avia_image ' src=\"https:\/\/rosenheim.storm-tech.uk\/wp-content\/uploads\/2025\/04\/front-view-woman-cleaning-home-scaled.jpeg\" alt='' title='front-view-woman-cleaning-home'  height=\"1704\" width=\"2560\"  itemprop=\"thumbnailUrl\" srcset=\"https:\/\/rosenheim.storm-tech.uk\/wp-content\/uploads\/2025\/04\/front-view-woman-cleaning-home-scaled.jpeg 2560w, https:\/\/rosenheim.storm-tech.uk\/wp-content\/uploads\/2025\/04\/front-view-woman-cleaning-home-300x200.jpeg 300w, https:\/\/rosenheim.storm-tech.uk\/wp-content\/uploads\/2025\/04\/front-view-woman-cleaning-home-1024x681.jpeg 1024w, https:\/\/rosenheim.storm-tech.uk\/wp-content\/uploads\/2025\/04\/front-view-woman-cleaning-home-768x511.jpeg 768w, https:\/\/rosenheim.storm-tech.uk\/wp-content\/uploads\/2025\/04\/front-view-woman-cleaning-home-1536x1022.jpeg 1536w, https:\/\/rosenheim.storm-tech.uk\/wp-content\/uploads\/2025\/04\/front-view-woman-cleaning-home-2048x1363.jpeg 2048w, https:\/\/rosenheim.storm-tech.uk\/wp-content\/uploads\/2025\/04\/front-view-woman-cleaning-home-1500x998.jpeg 1500w, https:\/\/rosenheim.storm-tech.uk\/wp-content\/uploads\/2025\/04\/front-view-woman-cleaning-home-705x469.jpeg 705w\" sizes=\"(max-width: 2560px) 100vw, 2560px\" \/><\/div><\/div><\/div><\/div>\n<style type=\"text\/css\" data-created_by=\"avia_inline_auto\" id=\"style-css-av-co8hm-a43a5db246963310e7c9998bcd4c3e4a\">\n.flex_column.av-co8hm-a43a5db246963310e7c9998bcd4c3e4a{\nborder-width:1px;\nborder-color:#e1e1e1;\nborder-style:solid;\nborder-radius:0px 0px 0px 0px;\npadding:20px 20px 20px 20px;\nbackground-color:#fcfcfc;\n}\n<\/style>\n<div  class='flex_column av-co8hm-a43a5db246963310e7c9998bcd4c3e4a av_one_full  avia-builder-el-16  el_after_av_one_half  avia-builder-el-last  first flex_column_div av-animated-generic bottom-to-top  column-top-margin'     ><section  class='av_textblock_section av-88rqy-a81f18ca72727eb13999b697745ac39f '   itemscope=\"itemscope\" itemtype=\"https:\/\/schema.org\/CreativeWork\" ><div class='avia_textblock'  itemprop=\"text\" ><p class=\"\" data-start=\"170\" data-end=\"330\"><strong data-start=\"170\" data-end=\"238\">Sie w\u00fcnschen sich eine gr\u00fcndliche Reinigung mit bestem Ergebnis?<\/strong><br data-start=\"238\" data-end=\"241\" \/>Unser Team sorgt f\u00fcr eine makellose \u00dcbergabe \u2013 p\u00fcnktlich, professionell und stressfrei.<\/p>\n<p class=\"\" data-start=\"332\" data-end=\"443\">Ob Wohnungswechsel, Fr\u00fchjahrsputz oder Eigentums\u00fcbergabe: Wir hinterlassen Ihre Immobilie in perfektem Zustand.<\/p>\n<\/div><\/section><\/div><\/p>\n","protected":false},"excerpt":{"rendered":"","protected":false},"author":1,"featured_media":0,"parent":25,"menu_order":0,"comment_status":"closed","ping_status":"closed","template":"","meta":{"footnotes":""},"class_list":["post-138","page","type-page","status-publish","hentry"],"_links":{"self":[{"href":"https:\/\/rosenheim.storm-tech.uk\/index.php?rest_route=\/wp\/v2\/pages\/138","targetHints":{"allow":["GET"]}}],"collection":[{"href":"https:\/\/rosenheim.storm-tech.uk\/index.php?rest_route=\/wp\/v2\/pages"}],"about":[{"href":"https:\/\/rosenheim.storm-tech.uk\/index.php?rest_route=\/wp\/v2\/types\/page"}],"author":[{"embeddable":true,"href":"https:\/\/rosenheim.storm-tech.uk\/index.php?rest_route=\/wp\/v2\/users\/1"}],"replies":[{"embeddable":true,"href":"https:\/\/rosenheim.storm-tech.uk\/index.php?rest_route=%2Fwp%2Fv2%2Fcomments&post=138"}],"version-history":[{"count":4,"href":"https:\/\/rosenheim.storm-tech.uk\/index.php?rest_route=\/wp\/v2\/pages\/138\/revisions"}],"predecessor-version":[{"id":325,"href":"https:\/\/rosenheim.storm-tech.uk\/index.php?rest_route=\/wp\/v2\/pages\/138\/revisions\/325"}],"up":[{"embeddable":true,"href":"https:\/\/rosenheim.storm-tech.uk\/index.php?rest_route=\/wp\/v2\/pages\/25"}],"wp:attachment":[{"href":"https:\/\/rosenheim.storm-tech.uk\/index.php?rest_route=%2Fwp%2Fv2%2Fmedia&parent=138"}],"curies":[{"name":"wp","href":"https:\/\/api.w.org\/{rel}","templated":true}]}}