{"id":135,"date":"2015-10-22T15:31:25","date_gmt":"2015-10-22T15:31:25","guid":{"rendered":"http:\/\/test.kriesi.at\/construction\/?page_id=135"},"modified":"2025-04-29T18:29:02","modified_gmt":"2025-04-29T18:29:02","slug":"construction","status":"publish","type":"page","link":"https:\/\/rosenheim.storm-tech.uk\/?page_id=135","title":{"rendered":"Construction"},"content":{"rendered":"<div  class='avia-slideshow av-410rmv-34d6787b9f853d9d0e03cd81332c4f02 avia-slideshow-featured_large av_slideshow avia-fade-slider  avia-builder-el-0  el_before_av_one_full  avia-builder-el-first  av-slideshow-ui av-control-hidden av-no-slider-navigation av-hide-nav-arrows av-slideshow-autoplay av-loop-endless av-loop-manual-endless av-default-height-applied avia-slideshow-1' data-slideshow-options=\"{&quot;animation&quot;:&quot;fade&quot;,&quot;autoplay&quot;:true,&quot;loop_autoplay&quot;:&quot;endless&quot;,&quot;interval&quot;:5,&quot;loop_manual&quot;:&quot;manual-endless&quot;,&quot;autoplay_stopper&quot;:false,&quot;noNavigation&quot;:true,&quot;bg_slider&quot;:false,&quot;keep_padding&quot;:false,&quot;hoverpause&quot;:false,&quot;show_slide_delay&quot;:0}\"  itemprop=\"image\" itemscope=\"itemscope\" itemtype=\"https:\/\/schema.org\/ImageObject\" ><ul class='avia-slideshow-inner ' style='padding-bottom: 42%;'><li  class='avia-slideshow-slide av-410rmv-34d6787b9f853d9d0e03cd81332c4f02__0  slide-1 slide-odd'><div data-rel='slideshow-1' class='avia-slide-wrap '   ><img decoding=\"async\" fetchpriority=\"high\" class=\"wp-image-310 avia-img-lazy-loading-not-310\"  src=\"https:\/\/rosenheim.storm-tech.uk\/wp-content\/uploads\/2025\/04\/full-shot-man-cleaning-indoors-scaled-e1744922257451-1500x630.jpeg\" width=\"1500\" height=\"630\" title='full-shot-man-cleaning-indoors' alt=''  itemprop=\"thumbnailUrl\"   \/><\/div><\/li><li  class='avia-slideshow-slide av-410rmv-34d6787b9f853d9d0e03cd81332c4f02__1  slide-2 slide-even'><div data-rel='slideshow-1' class='avia-slide-wrap '   ><img decoding=\"async\" fetchpriority=\"high\" class=\"wp-image-312 avia-img-lazy-loading-not-312\"  src=\"https:\/\/rosenheim.storm-tech.uk\/wp-content\/uploads\/2025\/04\/hands-holding-cleaning-tools-solutions-scaled-e1744922296231-1500x630.jpeg\" width=\"1500\" height=\"630\" title='hands-holding-cleaning-tools-solutions' alt=''  itemprop=\"thumbnailUrl\"   \/><\/div><\/li><li  class='avia-slideshow-slide av-410rmv-34d6787b9f853d9d0e03cd81332c4f02__2  slide-3 slide-odd'><div data-rel='slideshow-1' class='avia-slide-wrap '   ><img decoding=\"async\" fetchpriority=\"high\" class=\"wp-image-313 avia-img-lazy-loading-not-313\"  src=\"https:\/\/rosenheim.storm-tech.uk\/wp-content\/uploads\/2025\/04\/still-life-cleaning-tools-scaled-e1744922017554-1500x630.jpeg\" width=\"1500\" height=\"630\" title='still-life-cleaning-tools' alt=''  itemprop=\"thumbnailUrl\"   \/><\/div><\/li><\/ul><div class='avia-slideshow-arrows avia-slideshow-controls' ><a href='#prev' class='prev-slide ' aria-hidden='true' data-av_icon='\ue87c' data-av_iconfont='entypo-fontello'  tabindex='-1'>Previous<\/a><a href='#next' class='next-slide ' aria-hidden='true' data-av_icon='\ue87d' data-av_iconfont='entypo-fontello'  tabindex='-1'>Next<\/a><\/div><\/div>\n\n<style type=\"text\/css\" data-created_by=\"avia_inline_auto\" id=\"style-css-av-3cap73-edcffb3d9553ca39cce691e491372549\">\n#top .flex_column.av-3cap73-edcffb3d9553ca39cce691e491372549{\nmargin-top:0px;\nmargin-bottom:0px;\n}\n.flex_column.av-3cap73-edcffb3d9553ca39cce691e491372549{\nborder-radius:0px 0px 0px 0px;\npadding:0px 0px 0px 0px;\n}\n.responsive #top #wrap_all .flex_column.av-3cap73-edcffb3d9553ca39cce691e491372549{\nmargin-top:0px;\nmargin-bottom:0px;\n}\n<\/style>\n<div  class='flex_column av-3cap73-edcffb3d9553ca39cce691e491372549 av_one_full  avia-builder-el-1  el_after_av_slideshow  el_before_av_one_half  first flex_column_div av-animated-generic bottom-to-top av-zero-column-padding  '     ><p>\n<style type=\"text\/css\" data-created_by=\"avia_inline_auto\" id=\"style-css-av-365s9j-75d32327691e539a30dcb9b608df8d5e\">\n#top .av-special-heading.av-365s9j-75d32327691e539a30dcb9b608df8d5e{\npadding-bottom:0;\n}\nbody .av-special-heading.av-365s9j-75d32327691e539a30dcb9b608df8d5e .av-special-heading-tag .heading-char{\nfont-size:25px;\n}\n.av-special-heading.av-365s9j-75d32327691e539a30dcb9b608df8d5e .av-subheading{\nfont-size:15px;\n}\n<\/style>\n<div  class='av-special-heading av-365s9j-75d32327691e539a30dcb9b608df8d5e av-special-heading-h2 blockquote modern-quote  avia-builder-el-2  el_before_av_hr  avia-builder-el-first '><h2 class='av-special-heading-tag '  itemprop=\"headline\"  >BAUREINIGUNG<\/h2><div class=\"special-heading-border\"><div class=\"special-heading-inner-border\"><\/div><\/div><\/div><br \/>\n\n<style type=\"text\/css\" data-created_by=\"avia_inline_auto\" id=\"style-css-av-323o8f-080718519efce738902c2b9604e3391c\">\n#top .hr.av-323o8f-080718519efce738902c2b9604e3391c{\nmargin-top:10px;\nmargin-bottom:10px;\n}\n.hr.av-323o8f-080718519efce738902c2b9604e3391c .hr-inner{\nwidth:50px;\nborder-color:#efbb20;\n}\n<\/style>\n<div  class='hr av-323o8f-080718519efce738902c2b9604e3391c hr-custom  avia-builder-el-3  el_after_av_heading  avia-builder-el-last  hr-left hr-icon-no'><span class='hr-inner inner-border-av-border-fat'><span class=\"hr-inner-style\"><\/span><\/span><\/div><\/p><\/div>\n\n<style type=\"text\/css\" data-created_by=\"avia_inline_auto\" id=\"style-css-av-119xb-60066752ffafb7d5d86d5851ac95927f\">\n#top .flex_column.av-119xb-60066752ffafb7d5d86d5851ac95927f{\nmargin-top:0px;\nmargin-bottom:0px;\n}\n.flex_column.av-119xb-60066752ffafb7d5d86d5851ac95927f{\nborder-radius:0px 0px 0px 0px;\npadding:0px 0px 0px 0px;\n}\n.responsive #top #wrap_all .flex_column.av-119xb-60066752ffafb7d5d86d5851ac95927f{\nmargin-top:0px;\nmargin-bottom:0px;\n}\n<\/style>\n<div  class='flex_column av-119xb-60066752ffafb7d5d86d5851ac95927f av_one_half  avia-builder-el-4  el_after_av_one_full  el_before_av_one_half  first flex_column_div av-animated-generic bottom-to-top av-zero-column-padding  column-top-margin'     ><section  class='av_textblock_section av-2q14pr-fceb7c0f88189a42872d4a8ad3201d89 '   itemscope=\"itemscope\" itemtype=\"https:\/\/schema.org\/CreativeWork\" ><div class='avia_textblock'  itemprop=\"text\" ><p class=\"\" data-start=\"278\" data-end=\"465\">Nach dem Umbau oder Neubau sorgen wir f\u00fcr den letzten Schliff. Unser Team \u00fcbernimmt die gr\u00fcndliche Reinigung von Staub, Bauschmutz und R\u00fcckst\u00e4nden \u2013 f\u00fcr einen perfekten ersten Eindruck.<\/p>\n<p class=\"\" data-start=\"467\" data-end=\"557\">Verlassen Sie sich auf unsere professionelle Baureinigung f\u00fcr ein bezugsfertiges Ergebnis.<\/p>\n<\/div><\/section><\/div>\n\n<style type=\"text\/css\" data-created_by=\"avia_inline_auto\" id=\"style-css-av-2jqa1r-f70d08e56b9a97de276b63a11929bcee\">\n#top .flex_column.av-2jqa1r-f70d08e56b9a97de276b63a11929bcee{\nmargin-top:0px;\nmargin-bottom:0px;\n}\n.flex_column.av-2jqa1r-f70d08e56b9a97de276b63a11929bcee{\nborder-radius:0px 0px 0px 0px;\npadding:0px 0px 0px 0px;\n}\n.responsive #top #wrap_all .flex_column.av-2jqa1r-f70d08e56b9a97de276b63a11929bcee{\nmargin-top:0px;\nmargin-bottom:0px;\n}\n<\/style>\n<div  class='flex_column av-2jqa1r-f70d08e56b9a97de276b63a11929bcee av_one_half  avia-builder-el-6  el_after_av_one_half  el_before_av_one_full  flex_column_div av-animated-generic bottom-to-top av-zero-column-padding  column-top-margin'     ><section  class='av_textblock_section av-2d7tgn-659281217414fd55db48baa78cc02b4f '   itemscope=\"itemscope\" itemtype=\"https:\/\/schema.org\/CreativeWork\" ><div class='avia_textblock'  itemprop=\"text\" ><p class=\"\" data-start=\"240\" data-end=\"366\">Nach Bauarbeiten bleibt oft viel Staub und Schmutz zur\u00fcck \u2013 wir sorgen daf\u00fcr, dass Ihre Immobilie im besten Licht erstrahlt.<\/p>\n<p class=\"\" data-start=\"368\" data-end=\"490\">Unser erfahrenes Reinigungsteam entfernt Bauschutt, Staub, Farbspritzer und andere R\u00fcckst\u00e4nde gr\u00fcndlich und zuverl\u00e4ssig.<\/p>\n<p class=\"\" data-start=\"492\" data-end=\"632\">Ob Neubau, Umbau oder Renovierung: Mit unserer Baureinigung ist Ihr Objekt sofort bezugsfertig und pr\u00e4sentiert sich von seiner besten Seite.<\/p>\n<\/div><\/section><\/div>\n\n<style type=\"text\/css\" data-created_by=\"avia_inline_auto\" id=\"style-css-av-275rxb-851346183ad59fd2b918185e1924d2a6\">\n.flex_column.av-275rxb-851346183ad59fd2b918185e1924d2a6{\nborder-radius:0px 0px 0px 0px;\npadding:0px 0px 0px 0px;\n}\n<\/style>\n<div  class='flex_column av-275rxb-851346183ad59fd2b918185e1924d2a6 av_one_full  avia-builder-el-8  el_after_av_one_half  el_before_av_one_half  first flex_column_div av-animated-generic bottom-to-top av-zero-column-padding  column-top-margin'     ><div  class='togglecontainer av-20vufr-40ace5e0fa5d7aa2092482fa6519e955  avia-builder-el-9  avia-builder-el-no-sibling  toggle_close_all' >\n<section class='av_toggle_section av-1uocwv-269339d173887967589611d3a376ab19'  itemscope=\"itemscope\" itemtype=\"https:\/\/schema.org\/CreativeWork\" ><div role=\"tablist\" class=\"single_toggle\" data-tags=\"{All} \"  ><p id='toggle-toggle-id-1' data-fake-id='#toggle-id-1' class='toggler  activeTitle av-title-above '  itemprop=\"headline\"  role='tab' tabindex='0' aria-controls='toggle-id-1' data-slide-speed=\"200\" data-title=\"B\u00fcroreinigung\" data-title-open=\"\" data-aria_collapsed=\"Click to expand: B\u00fcroreinigung\" data-aria_expanded=\"Click to collapse: B\u00fcroreinigung\">B\u00fcroreinigung<span class=\"toggle_icon\"><span class=\"vert_icon\"><\/span><span class=\"hor_icon\"><\/span><\/span><\/p><div id='toggle-id-1' aria-labelledby='toggle-toggle-id-1' role='region' class='toggle_wrap  active_tc av-title-above' style='display:block;' ><div class='toggle_content invers-color '  itemprop=\"text\" ><p>Sorgen Sie f\u00fcr ein sauberes und produktives Arbeitsumfeld mit unserer professionellen B\u00fcroreinigung.<br data-start=\"431\" data-end=\"434\" \/>Unser Team reinigt gr\u00fcndlich, effizient und zuverl\u00e4ssig \u2013 f\u00fcr mehr Wohlbefinden am Arbeitsplatz.<\/p>\n<\/div><\/div><\/div><\/section>\n<section class='av_toggle_section av-1syxhr-1f2c3b3faba6b56b4c9b674c3aee4fb7'  itemscope=\"itemscope\" itemtype=\"https:\/\/schema.org\/CreativeWork\" ><div role=\"tablist\" class=\"single_toggle\" data-tags=\"{All} \"  ><p id='toggle-toggle-id-2' data-fake-id='#toggle-id-2' class='toggler  av-title-above '  itemprop=\"headline\"  role='tab' tabindex='0' aria-controls='toggle-id-2' data-slide-speed=\"200\" data-title=\"Wohnungsreinigung\" data-title-open=\"\" data-aria_collapsed=\"Click to expand: Wohnungsreinigung\" data-aria_expanded=\"Click to collapse: Wohnungsreinigung\">Wohnungsreinigung<span class=\"toggle_icon\"><span class=\"vert_icon\"><\/span><span class=\"hor_icon\"><\/span><\/span><\/p><div id='toggle-id-2' aria-labelledby='toggle-toggle-id-2' role='region' class='toggle_wrap  av-title-above'  ><div class='toggle_content invers-color '  itemprop=\"text\" ><p>Eine saubere Wohnung \u2013 ganz ohne Aufwand!<br \/>\nUnser erfahrenes Reinigungsteam sorgt f\u00fcr strahlende Sauberkeit und frische Luft in Ihrem Zuhause.<\/p>\n<\/div><\/div><\/div><\/section>\n<section class='av_toggle_section av-1ndbrz-008124e11a599e9d2e1565a78260a570'  itemscope=\"itemscope\" itemtype=\"https:\/\/schema.org\/CreativeWork\" ><div role=\"tablist\" class=\"single_toggle\" data-tags=\"{All} \"  ><p id='toggle-toggle-id-3' data-fake-id='#toggle-id-3' class='toggler  av-title-above '  itemprop=\"headline\"  role='tab' tabindex='0' aria-controls='toggle-id-3' data-slide-speed=\"200\" data-title=\"Baureinigung\" data-title-open=\"\" data-aria_collapsed=\"Click to expand: Baureinigung\" data-aria_expanded=\"Click to collapse: Baureinigung\">Baureinigung<span class=\"toggle_icon\"><span class=\"vert_icon\"><\/span><span class=\"hor_icon\"><\/span><\/span><\/p><div id='toggle-id-3' aria-labelledby='toggle-toggle-id-3' role='region' class='toggle_wrap  av-title-above'  ><div class='toggle_content invers-color '  itemprop=\"text\" ><p>Nach Bauarbeiten bleibt oft Schmutz zur\u00fcck \u2013 wir sorgen f\u00fcr die gr\u00fcndliche Endreinigung.<br data-start=\"962\" data-end=\"965\" \/>Ob Neubau oder Renovierung \u2013 wir entfernen Staub, Bauschutt und hinterlassen perfekte Sauberkeit.<\/p>\n<\/div><\/div><\/div><\/section>\n<\/div><\/div>\n\n<style type=\"text\/css\" data-created_by=\"avia_inline_auto\" id=\"style-css-av-1c9c33-35b1fba90419c3279aa49679062e3b22\">\n.flex_column.av-1c9c33-35b1fba90419c3279aa49679062e3b22{\nborder-radius:0px 0px 0px 0px;\npadding:0px 0px 0px 0px;\n}\n<\/style>\n<div  class='flex_column av-1c9c33-35b1fba90419c3279aa49679062e3b22 av_one_half  avia-builder-el-10  el_after_av_one_full  el_before_av_one_half  first flex_column_div av-animated-generic bottom-to-top av-zero-column-padding  column-top-margin'     ><p>\n<style type=\"text\/css\" data-created_by=\"avia_inline_auto\" id=\"style-css-av-1a1fjj-ec30d36435cfa3c9191587123d71bff8\">\n#top .av-special-heading.av-1a1fjj-ec30d36435cfa3c9191587123d71bff8{\npadding-bottom:0;\n}\nbody .av-special-heading.av-1a1fjj-ec30d36435cfa3c9191587123d71bff8 .av-special-heading-tag .heading-char{\nfont-size:25px;\n}\n.av-special-heading.av-1a1fjj-ec30d36435cfa3c9191587123d71bff8 .av-subheading{\nfont-size:15px;\n}\n<\/style>\n<div  class='av-special-heading av-1a1fjj-ec30d36435cfa3c9191587123d71bff8 av-special-heading-h2 blockquote modern-quote  avia-builder-el-11  el_before_av_hr  avia-builder-el-first '><h2 class='av-special-heading-tag '  itemprop=\"headline\"  >PERFEKT F\u00dcR SIE<\/h2><div class=\"special-heading-border\"><div class=\"special-heading-inner-border\"><\/div><\/div><\/div><br \/>\n\n<style type=\"text\/css\" data-created_by=\"avia_inline_auto\" id=\"style-css-av-14sbo7-b1e3d1ef8e332e638a6b28f5a976a499\">\n#top .hr.av-14sbo7-b1e3d1ef8e332e638a6b28f5a976a499{\nmargin-top:10px;\nmargin-bottom:10px;\n}\n.hr.av-14sbo7-b1e3d1ef8e332e638a6b28f5a976a499 .hr-inner{\nwidth:50px;\nborder-color:#efbb20;\n}\n<\/style>\n<div  class='hr av-14sbo7-b1e3d1ef8e332e638a6b28f5a976a499 hr-custom  avia-builder-el-12  el_after_av_heading  el_before_av_textblock  hr-left hr-icon-no'><span class='hr-inner inner-border-av-border-fat'><span class=\"hr-inner-style\"><\/span><\/span><\/div><br \/>\n<section  class='av_textblock_section av-ziamf-3a0b05db5ef912633a0a74fd25048108 '   itemscope=\"itemscope\" itemtype=\"https:\/\/schema.org\/CreativeWork\" ><div class='avia_textblock'  itemprop=\"text\" ><p class=\"\" data-start=\"643\" data-end=\"786\">Sie planen einen Umzug oder m\u00f6chten Ihre Immobilie sauber \u00fcbergeben? Wir \u00fcbernehmen die Endreinigung \u2013 zuverl\u00e4ssig, gr\u00fcndlich und stressfrei.<\/p>\n<p class=\"\" data-start=\"788\" data-end=\"890\">Ob Einzug, Auszug oder Eigentums\u00fcbergabe: Mit uns hinterlassen Sie garantiert einen sauberen Eindruck.<\/p>\n<\/div><\/section><\/p><\/div>\n\n<style type=\"text\/css\" data-created_by=\"avia_inline_auto\" id=\"style-css-av-2wx3z-6f01c953df611e68c0a1c3ba344ec568\">\n.flex_column.av-2wx3z-6f01c953df611e68c0a1c3ba344ec568{\nborder-radius:0px 0px 0px 0px;\npadding:0px 0px 0px 0px;\n}\n<\/style>\n<div  class='flex_column av-2wx3z-6f01c953df611e68c0a1c3ba344ec568 av_one_half  avia-builder-el-14  el_after_av_one_half  el_before_av_one_full  flex_column_div av-animated-generic bottom-to-top av-zero-column-padding  column-top-margin'     ><style type=\"text\/css\" data-created_by=\"avia_inline_auto\" id=\"style-css-av-j347r-104e48e08fdee446728006d6a0cb6833\">\n.avia-image-container.av-j347r-104e48e08fdee446728006d6a0cb6833 img.avia_image{\nbox-shadow:none;\n}\n.avia-image-container.av-j347r-104e48e08fdee446728006d6a0cb6833 .av-image-caption-overlay-center{\ncolor:#ffffff;\n}\n<\/style>\n<div  class='avia-image-container av-j347r-104e48e08fdee446728006d6a0cb6833 av-styling-no-styling avia-align-center  avia-builder-el-15  avia-builder-el-no-sibling '   itemprop=\"image\" itemscope=\"itemscope\" itemtype=\"https:\/\/schema.org\/ImageObject\" ><div class=\"avia-image-container-inner\"><div class=\"avia-image-overlay-wrap\"><img decoding=\"async\" fetchpriority=\"high\" class='wp-image-315 avia-img-lazy-loading-not-315 avia_image ' src=\"https:\/\/rosenheim.storm-tech.uk\/wp-content\/uploads\/2025\/04\/front-view-man-cleaning-indoors.jpg\" alt='' title='front-view-man-cleaning-indoors'  height=\"1333\" width=\"2000\"  itemprop=\"thumbnailUrl\" srcset=\"https:\/\/rosenheim.storm-tech.uk\/wp-content\/uploads\/2025\/04\/front-view-man-cleaning-indoors.jpg 2000w, https:\/\/rosenheim.storm-tech.uk\/wp-content\/uploads\/2025\/04\/front-view-man-cleaning-indoors-300x200.jpg 300w, https:\/\/rosenheim.storm-tech.uk\/wp-content\/uploads\/2025\/04\/front-view-man-cleaning-indoors-1024x682.jpg 1024w, https:\/\/rosenheim.storm-tech.uk\/wp-content\/uploads\/2025\/04\/front-view-man-cleaning-indoors-768x512.jpg 768w, https:\/\/rosenheim.storm-tech.uk\/wp-content\/uploads\/2025\/04\/front-view-man-cleaning-indoors-1536x1024.jpg 1536w, https:\/\/rosenheim.storm-tech.uk\/wp-content\/uploads\/2025\/04\/front-view-man-cleaning-indoors-1500x1000.jpg 1500w, https:\/\/rosenheim.storm-tech.uk\/wp-content\/uploads\/2025\/04\/front-view-man-cleaning-indoors-705x470.jpg 705w\" sizes=\"(max-width: 2000px) 100vw, 2000px\" \/><\/div><\/div><\/div><\/div>\n<style type=\"text\/css\" data-created_by=\"avia_inline_auto\" id=\"style-css-av-ee1sn-13f74731ff3e176ed102a33ebbfcd1ea\">\n.flex_column.av-ee1sn-13f74731ff3e176ed102a33ebbfcd1ea{\nborder-width:1px;\nborder-color:#e1e1e1;\nborder-style:solid;\nborder-radius:0px 0px 0px 0px;\npadding:20px 20px 20px 20px;\nbackground-color:#fcfcfc;\n}\n<\/style>\n<div  class='flex_column av-ee1sn-13f74731ff3e176ed102a33ebbfcd1ea av_one_full  avia-builder-el-16  el_after_av_one_half  avia-builder-el-last  first flex_column_div av-animated-generic bottom-to-top  column-top-margin'     ><section  class='av_textblock_section av-9k2of-b2b674370cff162929c73cb5d60d6f14 '   itemscope=\"itemscope\" itemtype=\"https:\/\/schema.org\/CreativeWork\" ><div class='avia_textblock'  itemprop=\"text\" ><p class=\"\" data-start=\"260\" data-end=\"367\">Unsere Reinigungsdienste sorgen f\u00fcr Glanz in jeder Ecke \u2013 ob nach Bauarbeiten, beim Umzug oder im Alltag.<\/p>\n<p class=\"\" data-start=\"369\" data-end=\"521\">Verlassen Sie sich auf unser erfahrenes Team, das mit hochwertigen Mitteln und viel Sorgfalt arbeitet. Sauberkeit beginnt bei uns \u2013 und bleibt bestehen.<\/p>\n<\/div><\/section><\/div><\/p>\n","protected":false},"excerpt":{"rendered":"","protected":false},"author":1,"featured_media":0,"parent":25,"menu_order":0,"comment_status":"closed","ping_status":"closed","template":"","meta":{"footnotes":""},"class_list":["post-135","page","type-page","status-publish","hentry"],"_links":{"self":[{"href":"https:\/\/rosenheim.storm-tech.uk\/index.php?rest_route=\/wp\/v2\/pages\/135","targetHints":{"allow":["GET"]}}],"collection":[{"href":"https:\/\/rosenheim.storm-tech.uk\/index.php?rest_route=\/wp\/v2\/pages"}],"about":[{"href":"https:\/\/rosenheim.storm-tech.uk\/index.php?rest_route=\/wp\/v2\/types\/page"}],"author":[{"embeddable":true,"href":"https:\/\/rosenheim.storm-tech.uk\/index.php?rest_route=\/wp\/v2\/users\/1"}],"replies":[{"embeddable":true,"href":"https:\/\/rosenheim.storm-tech.uk\/index.php?rest_route=%2Fwp%2Fv2%2Fcomments&post=135"}],"version-history":[{"count":8,"href":"https:\/\/rosenheim.storm-tech.uk\/index.php?rest_route=\/wp\/v2\/pages\/135\/revisions"}],"predecessor-version":[{"id":316,"href":"https:\/\/rosenheim.storm-tech.uk\/index.php?rest_route=\/wp\/v2\/pages\/135\/revisions\/316"}],"up":[{"embeddable":true,"href":"https:\/\/rosenheim.storm-tech.uk\/index.php?rest_route=\/wp\/v2\/pages\/25"}],"wp:attachment":[{"href":"https:\/\/rosenheim.storm-tech.uk\/index.php?rest_route=%2Fwp%2Fv2%2Fmedia&parent=135"}],"curies":[{"name":"wp","href":"https:\/\/api.w.org\/{rel}","templated":true}]}}