{"id":113,"date":"2015-10-22T14:34:37","date_gmt":"2015-10-22T14:34:37","guid":{"rendered":"http:\/\/test.kriesi.at\/construction\/?page_id=113"},"modified":"2025-04-29T18:27:46","modified_gmt":"2025-04-29T18:27:46","slug":"architecture","status":"publish","type":"page","link":"https:\/\/rosenheim.storm-tech.uk\/?page_id=113","title":{"rendered":"Architecture"},"content":{"rendered":"<div  class='avia-slideshow av-1h8r5-e4529ef78bf46641aa4505be6fb8d30c avia-slideshow-featured_large av_slideshow avia-fade-slider  avia-builder-el-0  el_before_av_one_full  avia-builder-el-first  av-slideshow-ui av-control-hidden av-no-slider-navigation av-hide-nav-arrows av-slideshow-autoplay av-loop-endless av-loop-manual-endless av-default-height-applied avia-slideshow-1' data-slideshow-options=\"{&quot;animation&quot;:&quot;fade&quot;,&quot;autoplay&quot;:true,&quot;loop_autoplay&quot;:&quot;endless&quot;,&quot;interval&quot;:5,&quot;loop_manual&quot;:&quot;manual-endless&quot;,&quot;autoplay_stopper&quot;:false,&quot;noNavigation&quot;:true,&quot;bg_slider&quot;:false,&quot;keep_padding&quot;:false,&quot;hoverpause&quot;:false,&quot;show_slide_delay&quot;:0}\"  itemprop=\"image\" itemscope=\"itemscope\" itemtype=\"https:\/\/schema.org\/ImageObject\" ><ul class='avia-slideshow-inner ' style='padding-bottom: 42%;'><li  class='avia-slideshow-slide av-1h8r5-e4529ef78bf46641aa4505be6fb8d30c__0  slide-1 slide-odd'><div data-rel='slideshow-1' class='avia-slide-wrap '   ><img decoding=\"async\" fetchpriority=\"high\" class=\"wp-image-295 avia-img-lazy-loading-not-295\"  src=\"https:\/\/rosenheim.storm-tech.uk\/wp-content\/uploads\/2025\/04\/professional-cleaning-service-people-working-together-office_2_11zon-1500x630.jpg\" width=\"1500\" height=\"630\" title='professional-cleaning-service-people-working-together-office_2_11zon' alt=''  itemprop=\"thumbnailUrl\"   \/><\/div><\/li><li  class='avia-slideshow-slide av-1h8r5-e4529ef78bf46641aa4505be6fb8d30c__1  slide-2 slide-even'><div data-rel='slideshow-1' class='avia-slide-wrap '   ><img decoding=\"async\" fetchpriority=\"high\" class=\"wp-image-299 avia-img-lazy-loading-not-299\"  src=\"https:\/\/rosenheim.storm-tech.uk\/wp-content\/uploads\/2025\/04\/front-view-woman-cleaning-home-1500x630.jpeg\" width=\"1500\" height=\"630\" title='front-view-woman-cleaning-home' alt=''  itemprop=\"thumbnailUrl\"   \/><\/div><\/li><li  class='avia-slideshow-slide av-1h8r5-e4529ef78bf46641aa4505be6fb8d30c__2  slide-3 slide-odd'><div data-rel='slideshow-1' class='avia-slide-wrap '   ><img decoding=\"async\" fetchpriority=\"high\" class=\"wp-image-297 avia-img-lazy-loading-not-297\"  src=\"https:\/\/rosenheim.storm-tech.uk\/wp-content\/uploads\/2025\/04\/medium-shot-woman-cleaning-home-scaled-e1744839398743-1500x630.jpeg\" width=\"1500\" height=\"630\" title='medium-shot-woman-cleaning-home' alt=''  itemprop=\"thumbnailUrl\"   \/><\/div><\/li><\/ul><div class='avia-slideshow-arrows avia-slideshow-controls' ><a href='#prev' class='prev-slide ' aria-hidden='true' data-av_icon='\ue87c' data-av_iconfont='entypo-fontello'  tabindex='-1'>Previous<\/a><a href='#next' class='next-slide ' aria-hidden='true' data-av_icon='\ue87d' data-av_iconfont='entypo-fontello'  tabindex='-1'>Next<\/a><\/div><\/div>\n\n<style type=\"text\/css\" data-created_by=\"avia_inline_auto\" id=\"style-css-av-c9xt5-d1edf700aede1846dbe18af63e16c87a\">\n#top .flex_column.av-c9xt5-d1edf700aede1846dbe18af63e16c87a{\nmargin-top:0px;\nmargin-bottom:0px;\n}\n.flex_column.av-c9xt5-d1edf700aede1846dbe18af63e16c87a{\nborder-radius:0px 0px 0px 0px;\npadding:0px 0px 0px 0px;\n}\n.responsive #top #wrap_all .flex_column.av-c9xt5-d1edf700aede1846dbe18af63e16c87a{\nmargin-top:0px;\nmargin-bottom:0px;\n}\n<\/style>\n<div  class='flex_column av-c9xt5-d1edf700aede1846dbe18af63e16c87a av_one_full  avia-builder-el-1  el_after_av_slideshow  el_before_av_one_half  first flex_column_div av-animated-generic bottom-to-top av-zero-column-padding  '     ><p>\n<style type=\"text\/css\" data-created_by=\"avia_inline_auto\" id=\"style-css-av-36z29d-2554b88b0cac527c13dff0099963b89e\">\n#top .av-special-heading.av-36z29d-2554b88b0cac527c13dff0099963b89e{\npadding-bottom:0;\n}\nbody .av-special-heading.av-36z29d-2554b88b0cac527c13dff0099963b89e .av-special-heading-tag .heading-char{\nfont-size:25px;\n}\n.av-special-heading.av-36z29d-2554b88b0cac527c13dff0099963b89e .av-subheading{\nfont-size:15px;\n}\n<\/style>\n<div  class='av-special-heading av-36z29d-2554b88b0cac527c13dff0099963b89e av-special-heading-h2 blockquote modern-quote  avia-builder-el-2  el_before_av_hr  avia-builder-el-first '><h2 class='av-special-heading-tag '  itemprop=\"headline\"  >UNSERE DIENSTLEISTUNGEN<\/h2><div class=\"special-heading-border\"><div class=\"special-heading-inner-border\"><\/div><\/div><\/div><br \/>\n\n<style type=\"text\/css\" data-created_by=\"avia_inline_auto\" id=\"style-css-av-30m4qx-9c9a718447285eb4ab3c058a11023a03\">\n#top .hr.av-30m4qx-9c9a718447285eb4ab3c058a11023a03{\nmargin-top:10px;\nmargin-bottom:10px;\n}\n.hr.av-30m4qx-9c9a718447285eb4ab3c058a11023a03 .hr-inner{\nwidth:50px;\nborder-color:#efbb20;\n}\n<\/style>\n<div  class='hr av-30m4qx-9c9a718447285eb4ab3c058a11023a03 hr-custom  avia-builder-el-3  el_after_av_heading  avia-builder-el-last  hr-left hr-icon-no'><span class='hr-inner inner-border-av-border-fat'><span class=\"hr-inner-style\"><\/span><\/span><\/div><\/p><\/div>\n<style type=\"text\/css\" data-created_by=\"avia_inline_auto\" id=\"style-css-av-2u007t-62da50aaa57fcd2f1bea6d01418ccf7b\">\n#top .flex_column.av-2u007t-62da50aaa57fcd2f1bea6d01418ccf7b{\nmargin-top:0px;\nmargin-bottom:0px;\n}\n.flex_column.av-2u007t-62da50aaa57fcd2f1bea6d01418ccf7b{\nborder-radius:0px 0px 0px 0px;\npadding:0px 0px 0px 0px;\n}\n.responsive #top #wrap_all .flex_column.av-2u007t-62da50aaa57fcd2f1bea6d01418ccf7b{\nmargin-top:0px;\nmargin-bottom:0px;\n}\n<\/style>\n<div  class='flex_column av-2u007t-62da50aaa57fcd2f1bea6d01418ccf7b av_one_half  avia-builder-el-4  el_after_av_one_full  el_before_av_one_half  first flex_column_div av-animated-generic bottom-to-top av-zero-column-padding  column-top-margin'     ><section  class='av_textblock_section av-2rrhap-1392b0751628a042ff52f3a27d18943e '   itemscope=\"itemscope\" itemtype=\"https:\/\/schema.org\/CreativeWork\" ><div class='avia_textblock'  itemprop=\"text\" ><p class=\"\" data-start=\"230\" data-end=\"430\">Wir bieten eine Vielzahl an professionellen Reinigungsdiensten, die auf Ihre Bed\u00fcrfnisse zugeschnitten sind. Ob B\u00fcro oder Zuhause \u2013 wir sorgen daf\u00fcr, dass jeder Bereich makellos und hygienisch bleibt.<\/p>\n<p class=\"\" data-start=\"432\" data-end=\"550\">Unser geschultes Team verwendet hochwertige Ger\u00e4te und umweltfreundliche Reinigungsmittel f\u00fcr erstklassige Ergebnisse.<\/p>\n<p class=\"\" data-start=\"552\" data-end=\"616\">Genie\u00dfen Sie eine frische, saubere Umgebung \u2013 ganz ohne Aufwand.<\/p>\n<\/div><\/section><\/div>\n<style type=\"text\/css\" data-created_by=\"avia_inline_auto\" id=\"style-css-av-2jgydt-d2d7051b1cf2631aa44932e169f49a3d\">\n#top .flex_column.av-2jgydt-d2d7051b1cf2631aa44932e169f49a3d{\nmargin-top:0px;\nmargin-bottom:0px;\n}\n.flex_column.av-2jgydt-d2d7051b1cf2631aa44932e169f49a3d{\nborder-radius:0px 0px 0px 0px;\npadding:0px 0px 0px 0px;\n}\n.responsive #top #wrap_all .flex_column.av-2jgydt-d2d7051b1cf2631aa44932e169f49a3d{\nmargin-top:0px;\nmargin-bottom:0px;\n}\n<\/style>\n<div  class='flex_column av-2jgydt-d2d7051b1cf2631aa44932e169f49a3d av_one_half  avia-builder-el-6  el_after_av_one_half  el_before_av_one_full  flex_column_div av-animated-generic bottom-to-top av-zero-column-padding  column-top-margin'     ><section  class='av_textblock_section av-2fclc1-38461c1bab425aa5797f5f3757afb82b '   itemscope=\"itemscope\" itemtype=\"https:\/\/schema.org\/CreativeWork\" ><div class='avia_textblock'  itemprop=\"text\" ><p class=\"\" data-start=\"303\" data-end=\"540\">Wir bieten eine Vielzahl an professionellen Reinigungsdiensten, die auf Ihre individuellen Bed\u00fcrfnisse zugeschnitten sind. Ob B\u00fcroreinigung, Haushaltsservice oder Sonderreinigungen \u2013 unser erfahrenes Team sorgt f\u00fcr strahlende Sauberkeit.<\/p>\n<p class=\"\" data-start=\"542\" data-end=\"715\"><strong data-start=\"542\" data-end=\"614\">Ein sauberes Umfeld steigert das Wohlbefinden und die Produktivit\u00e4t.<\/strong> Vertrauen Sie auf unsere gr\u00fcndliche und zuverl\u00e4ssige Reinigung \u2013 flexibel, effizient und nachhaltig.<\/p>\n<p class=\"\" data-start=\"717\" data-end=\"850\">Wir arbeiten mit modernster Ausr\u00fcstung und verwenden umweltfreundliche Reinigungsmittel f\u00fcr beste Ergebnisse \u2013 zu Hause oder im B\u00fcro.<\/p>\n<\/div><\/section><\/div>\n<style type=\"text\/css\" data-created_by=\"avia_inline_auto\" id=\"style-css-av-27vrv5-492cd8aee054332af006d251a3820cd7\">\n.flex_column.av-27vrv5-492cd8aee054332af006d251a3820cd7{\nborder-radius:0px 0px 0px 0px;\npadding:0px 0px 0px 0px;\n}\n<\/style>\n<div  class='flex_column av-27vrv5-492cd8aee054332af006d251a3820cd7 av_one_full  avia-builder-el-8  el_after_av_one_half  el_before_av_one_half  first flex_column_div av-animated-generic bottom-to-top av-zero-column-padding  column-top-margin'     ><div  class='togglecontainer av-22qzux-72e6b89fbf4b131f95fb2bf9939b5213  avia-builder-el-9  avia-builder-el-no-sibling  toggle_close_all' >\n<section class='av_toggle_section av-1u4sf5-3ca0de5b34416a6ecbcd1c8684fbad8b'  itemscope=\"itemscope\" itemtype=\"https:\/\/schema.org\/CreativeWork\" ><div role=\"tablist\" class=\"single_toggle\" data-tags=\"{All} \"  ><p id='toggle-toggle-id-1' data-fake-id='#toggle-id-1' class='toggler  activeTitle av-title-above '  itemprop=\"headline\"  role='tab' tabindex='0' aria-controls='toggle-id-1' data-slide-speed=\"200\" data-title=\"B\u00fcroreinigung\" data-title-open=\"\" data-aria_collapsed=\"Click to expand: B\u00fcroreinigung\" data-aria_expanded=\"Click to collapse: B\u00fcroreinigung\">B\u00fcroreinigung<span class=\"toggle_icon\"><span class=\"vert_icon\"><\/span><span class=\"hor_icon\"><\/span><\/span><\/p><div id='toggle-id-1' aria-labelledby='toggle-toggle-id-1' role='region' class='toggle_wrap  active_tc av-title-above' style='display:block;' ><div class='toggle_content invers-color '  itemprop=\"text\" ><p>Ein sauberes B\u00fcro ist die Visitenkarte Ihres Unternehmens. Unser geschultes Reinigungsteam sorgt f\u00fcr eine hygienische und angenehme Arbeitsumgebung \u2013 effizient und diskret.<\/p>\n<p>Wir reinigen B\u00fcros, Konferenzr\u00e4ume, K\u00fcchenbereiche und Sanit\u00e4ranlagen mit professioneller Ausr\u00fcstung und umweltfreundlichen Reinigungsmitteln.<\/p>\n<p>Steigern Sie die Produktivit\u00e4t und das Wohlbefinden Ihres Teams mit einer zuverl\u00e4ssigen B\u00fcroreinigung.<\/p>\n<\/div><\/div><\/div><\/section>\n<section class='av_toggle_section av-1rswcx-d04b3b0c534ddba64860e404f4eedc6f'  itemscope=\"itemscope\" itemtype=\"https:\/\/schema.org\/CreativeWork\" ><div role=\"tablist\" class=\"single_toggle\" data-tags=\"{All} \"  ><p id='toggle-toggle-id-2' data-fake-id='#toggle-id-2' class='toggler  av-title-above '  itemprop=\"headline\"  role='tab' tabindex='0' aria-controls='toggle-id-2' data-slide-speed=\"200\" data-title=\"Unterhaltsreinigung\" data-title-open=\"\" data-aria_collapsed=\"Click to expand: Unterhaltsreinigung\" data-aria_expanded=\"Click to collapse: Unterhaltsreinigung\">Unterhaltsreinigung<span class=\"toggle_icon\"><span class=\"vert_icon\"><\/span><span class=\"hor_icon\"><\/span><\/span><\/p><div id='toggle-id-2' aria-labelledby='toggle-toggle-id-2' role='region' class='toggle_wrap  av-title-above'  ><div class='toggle_content invers-color '  itemprop=\"text\" ><p>Unsere Unterhaltsreinigung sorgt regelm\u00e4\u00dfig f\u00fcr Sauberkeit in Ihren R\u00e4umlichkeiten \u2013 ganz nach Ihrem Zeitplan.<\/p>\n<p>Wir bieten t\u00e4gliche, w\u00f6chentliche oder flexible Reinigungsintervalle an \u2013 ideal f\u00fcr B\u00fcros, Praxen, Schulen oder andere \u00f6ffentliche Einrichtungen.<\/p>\n<p>Vertrauen Sie auf unser erfahrenes Personal, das gr\u00fcndlich, freundlich und p\u00fcnktlich arbeitet.<\/p>\n<\/div><\/div><\/div><\/section>\n<section class='av_toggle_section av-1n50dl-96aad24b3003b6327df77e39b6e535c0'  itemscope=\"itemscope\" itemtype=\"https:\/\/schema.org\/CreativeWork\" ><div role=\"tablist\" class=\"single_toggle\" data-tags=\"{All} \"  ><p id='toggle-toggle-id-3' data-fake-id='#toggle-id-3' class='toggler  av-title-above '  itemprop=\"headline\"  role='tab' tabindex='0' aria-controls='toggle-id-3' data-slide-speed=\"200\" data-title=\"Privathaushalt\" data-title-open=\"\" data-aria_collapsed=\"Click to expand: Privathaushalt\" data-aria_expanded=\"Click to collapse: Privathaushalt\">Privathaushalt<span class=\"toggle_icon\"><span class=\"vert_icon\"><\/span><span class=\"hor_icon\"><\/span><\/span><\/p><div id='toggle-id-3' aria-labelledby='toggle-toggle-id-3' role='region' class='toggle_wrap  av-title-above'  ><div class='toggle_content invers-color '  itemprop=\"text\" ><p>Genie\u00dfen Sie Ihr Zuhause \u2013 wir k\u00fcmmern uns um die Sauberkeit. Unser Service f\u00fcr Privathaushalte bietet alles von Grundreinigung \u00fcber Fensterputzen bis hin zu Sonderw\u00fcnschen.<\/p>\n<p>Diskret, sorgf\u00e4ltig und mit Blick f\u00fcrs Detail \u2013 unser Team sorgt daf\u00fcr, dass Sie sich zu Hause wohlf\u00fchlen.<\/p>\n<p>Alle Reinigungen erfolgen mit umweltfreundlichen Produkten und viel Sorgfalt.<\/p>\n<\/div><\/div><\/div><\/section>\n<\/div><\/div>\n<style type=\"text\/css\" data-created_by=\"avia_inline_auto\" id=\"style-css-av-1hjiip-2a67cbee7f6fba3126b3e2748f20ff07\">\n.flex_column.av-1hjiip-2a67cbee7f6fba3126b3e2748f20ff07{\nborder-radius:0px 0px 0px 0px;\npadding:0px 0px 0px 0px;\n}\n<\/style>\n<div  class='flex_column av-1hjiip-2a67cbee7f6fba3126b3e2748f20ff07 av_one_half  avia-builder-el-10  el_after_av_one_full  el_before_av_one_half  first flex_column_div av-animated-generic bottom-to-top av-zero-column-padding  column-top-margin'     ><p>\n<style type=\"text\/css\" data-created_by=\"avia_inline_auto\" id=\"style-css-av-17xuuh-6f05b3a2a7e4a914d9e1608a2f33aee6\">\n#top .av-special-heading.av-17xuuh-6f05b3a2a7e4a914d9e1608a2f33aee6{\npadding-bottom:0;\n}\nbody .av-special-heading.av-17xuuh-6f05b3a2a7e4a914d9e1608a2f33aee6 .av-special-heading-tag .heading-char{\nfont-size:25px;\n}\n.av-special-heading.av-17xuuh-6f05b3a2a7e4a914d9e1608a2f33aee6 .av-subheading{\nfont-size:15px;\n}\n<\/style>\n<div  class='av-special-heading av-17xuuh-6f05b3a2a7e4a914d9e1608a2f33aee6 av-special-heading-h2 blockquote modern-quote  avia-builder-el-11  el_before_av_hr  avia-builder-el-first '><h2 class='av-special-heading-tag '  itemprop=\"headline\"  >PERFEKT F\u00dcR SIE<\/h2><div class=\"special-heading-border\"><div class=\"special-heading-inner-border\"><\/div><\/div><\/div><br \/>\n\n<style type=\"text\/css\" data-created_by=\"avia_inline_auto\" id=\"style-css-av-149szl-054a0f2a6402d762bdf9a1429bb0f9be\">\n#top .hr.av-149szl-054a0f2a6402d762bdf9a1429bb0f9be{\nmargin-top:10px;\nmargin-bottom:10px;\n}\n.hr.av-149szl-054a0f2a6402d762bdf9a1429bb0f9be .hr-inner{\nwidth:50px;\nborder-color:#efbb20;\n}\n<\/style>\n<div  class='hr av-149szl-054a0f2a6402d762bdf9a1429bb0f9be hr-custom  avia-builder-el-12  el_after_av_heading  el_before_av_textblock  hr-left hr-icon-no'><span class='hr-inner inner-border-av-border-fat'><span class=\"hr-inner-style\"><\/span><\/span><\/div><br \/>\n<section  class='av_textblock_section av-vhwax-b8a848417d413d52c91c69d066210bf1 '   itemscope=\"itemscope\" itemtype=\"https:\/\/schema.org\/CreativeWork\" ><div class='avia_textblock'  itemprop=\"text\" ><p>Ein sauberes Umfeld sieht nicht nur gut aus \u2013 es steigert auch Produktivit\u00e4t und Wohlbefinden. Unser professionelles Team sorgt daf\u00fcr, dass Ihr B\u00fcro oder Ihre Immobilie stets gl\u00e4nzt.<\/p>\n<p>Egal ob Hausbesitzer, Unternehmer oder Hausverwalter \u2013 wir bieten flexible Reinigungsl\u00f6sungen, die zu Ihrem Zeitplan und Ihren Anspr\u00fcchen passen.<\/p>\n<p>\u00dcberlassen Sie uns die Reinigung \u2013 damit Sie sich auf das Wesentliche konzentrieren k\u00f6nnen.<\/p>\n<\/div><\/section><\/p><\/div>\n<style type=\"text\/css\" data-created_by=\"avia_inline_auto\" id=\"style-css-av-r4g3d-f1f9ec452e58004e34e49d4a89d60b0d\">\n.flex_column.av-r4g3d-f1f9ec452e58004e34e49d4a89d60b0d{\nborder-radius:0px 0px 0px 0px;\npadding:0px 0px 0px 0px;\n}\n<\/style>\n<div  class='flex_column av-r4g3d-f1f9ec452e58004e34e49d4a89d60b0d av_one_half  avia-builder-el-14  el_after_av_one_half  el_before_av_one_full  flex_column_div av-animated-generic bottom-to-top av-zero-column-padding  column-top-margin'     ><style type=\"text\/css\" data-created_by=\"avia_inline_auto\" id=\"style-css-av-kw9vl-fdd41f9ccac68067e8433c7531984b37\">\n.avia-image-container.av-kw9vl-fdd41f9ccac68067e8433c7531984b37 img.avia_image{\nbox-shadow:none;\n}\n.avia-image-container.av-kw9vl-fdd41f9ccac68067e8433c7531984b37 .av-image-caption-overlay-center{\ncolor:#ffffff;\n}\n<\/style>\n<div  class='avia-image-container av-kw9vl-fdd41f9ccac68067e8433c7531984b37 av-styling-no-styling avia-align-center  avia-builder-el-15  avia-builder-el-no-sibling '   itemprop=\"image\" itemscope=\"itemscope\" itemtype=\"https:\/\/schema.org\/ImageObject\" ><div class=\"avia-image-container-inner\"><div class=\"avia-image-overlay-wrap\"><img decoding=\"async\" fetchpriority=\"high\" class='wp-image-79 avia-img-lazy-loading-not-79 avia_image ' src=\"https:\/\/rosenheim.storm-tech.uk\/wp-content\/uploads\/2015\/10\/architect-handling-keys-to-a-couple-845x684.jpg\" alt='' title='Architect handling keys to a couple'  height=\"684\" width=\"845\"  itemprop=\"thumbnailUrl\" srcset=\"https:\/\/rosenheim.storm-tech.uk\/wp-content\/uploads\/2015\/10\/architect-handling-keys-to-a-couple-845x684.jpg 845w, https:\/\/rosenheim.storm-tech.uk\/wp-content\/uploads\/2015\/10\/architect-handling-keys-to-a-couple-495x400.jpg 495w\" sizes=\"(max-width: 845px) 100vw, 845px\" \/><\/div><\/div><\/div><\/div><\/p>\n\n<style type=\"text\/css\" data-created_by=\"avia_inline_auto\" id=\"style-css-av-gjupd-272a71b774a78157b8f3638b93c3205a\">\n.flex_column.av-gjupd-272a71b774a78157b8f3638b93c3205a{\nborder-width:1px;\nborder-color:#e1e1e1;\nborder-style:solid;\nborder-radius:0px 0px 0px 0px;\npadding:20px 20px 20px 20px;\nbackground-color:#fcfcfc;\n}\n<\/style>\n<div  class='flex_column av-gjupd-272a71b774a78157b8f3638b93c3205a av_one_full  avia-builder-el-16  el_after_av_one_half  avia-builder-el-last  first flex_column_div av-animated-generic bottom-to-top  column-top-margin'     ><section  class='av_textblock_section av-aball-64322231937ee60073b90391db670b15 '   itemscope=\"itemscope\" itemtype=\"https:\/\/schema.org\/CreativeWork\" ><div class='avia_textblock'  itemprop=\"text\" ><p>Eine saubere Umgebung ist der Schl\u00fcssel zu einem angenehmen und gesunden Alltag \u2013 ob im B\u00fcro oder zu Hause.<\/p>\n<p>Unser professioneller Reinigungsservice sorgt daf\u00fcr, dass jeder Ort hygienisch, ordentlich und einladend bleibt \u2013 mit gr\u00f6\u00dfter Sorgfalt und umweltfreundlichen Produkten.<\/p>\n<\/div><\/section><\/div>\n","protected":false},"excerpt":{"rendered":"","protected":false},"author":1,"featured_media":83,"parent":25,"menu_order":0,"comment_status":"closed","ping_status":"closed","template":"","meta":{"footnotes":""},"class_list":["post-113","page","type-page","status-publish","has-post-thumbnail","hentry"],"_links":{"self":[{"href":"https:\/\/rosenheim.storm-tech.uk\/index.php?rest_route=\/wp\/v2\/pages\/113","targetHints":{"allow":["GET"]}}],"collection":[{"href":"https:\/\/rosenheim.storm-tech.uk\/index.php?rest_route=\/wp\/v2\/pages"}],"about":[{"href":"https:\/\/rosenheim.storm-tech.uk\/index.php?rest_route=\/wp\/v2\/types\/page"}],"author":[{"embeddable":true,"href":"https:\/\/rosenheim.storm-tech.uk\/index.php?rest_route=\/wp\/v2\/users\/1"}],"replies":[{"embeddable":true,"href":"https:\/\/rosenheim.storm-tech.uk\/index.php?rest_route=%2Fwp%2Fv2%2Fcomments&post=113"}],"version-history":[{"count":5,"href":"https:\/\/rosenheim.storm-tech.uk\/index.php?rest_route=\/wp\/v2\/pages\/113\/revisions"}],"predecessor-version":[{"id":302,"href":"https:\/\/rosenheim.storm-tech.uk\/index.php?rest_route=\/wp\/v2\/pages\/113\/revisions\/302"}],"up":[{"embeddable":true,"href":"https:\/\/rosenheim.storm-tech.uk\/index.php?rest_route=\/wp\/v2\/pages\/25"}],"wp:featuredmedia":[{"embeddable":true,"href":"https:\/\/rosenheim.storm-tech.uk\/index.php?rest_route=\/wp\/v2\/media\/83"}],"wp:attachment":[{"href":"https:\/\/rosenheim.storm-tech.uk\/index.php?rest_route=%2Fwp%2Fv2%2Fmedia&parent=113"}],"curies":[{"name":"wp","href":"https:\/\/api.w.org\/{rel}","templated":true}]}}